{"id":12864,"date":"2023-07-07T04:41:56","date_gmt":"2023-07-07T02:41:56","guid":{"rendered":"http:\/\/www.barbarameoevoli.com.mialias.net\/politica-de-reembolsos-y-devoluciones\/"},"modified":"2025-12-11T13:53:17","modified_gmt":"2025-12-11T12:53:17","slug":"politica-de-reembolsos-y-devoluciones","status":"publish","type":"page","link":"https:\/\/www.barbarameoevoli.com\/es\/politica-de-reembolsos-y-devoluciones\/","title":{"rendered":"Aviso legal"},"content":{"rendered":"\t\t<div data-elementor-type=\"wp-page\" data-elementor-id=\"12864\" class=\"elementor elementor-12864 elementor-18\" data-elementor-post-type=\"page\">\n\t\t\t\t\t\t<section class=\"elementor-section elementor-top-section elementor-element elementor-element-ece9381 elementor-section-boxed elementor-section-height-default elementor-section-height-default\" data-id=\"ece9381\" data-element_type=\"section\" data-e-type=\"section\">\n\t\t\t\t\t\t<div class=\"elementor-container elementor-column-gap-default\">\n\t\t\t\t\t<div class=\"elementor-column elementor-col-100 elementor-top-column elementor-element elementor-element-33c6521f\" data-id=\"33c6521f\" data-element_type=\"column\" data-e-type=\"column\">\n\t\t\t<div class=\"elementor-widget-wrap elementor-element-populated\">\n\t\t\t\t\t\t<div class=\"elementor-element elementor-element-1a7b5d1 elementor-widget elementor-widget-heading\" data-id=\"1a7b5d1\" data-element_type=\"widget\" data-e-type=\"widget\" data-widget_type=\"heading.default\">\n\t\t\t\t\t<h1 class=\"elementor-heading-title elementor-size-default\">Aviso legal<\/h1>\t\t\t\t<\/div>\n\t\t\t\t<div class=\"elementor-element elementor-element-545d645 elementor-widget elementor-widget-text-editor\" data-id=\"545d645\" data-element_type=\"widget\" data-e-type=\"widget\" data-widget_type=\"text-editor.default\">\n\t\t\t\t\t\t\t\t\t<p><\/p>\n<section class=\"elementor-section elementor-top-section elementor-element elementor-element-36ae433 elementor-section-boxed elementor-section-height-default elementor-section-height-default\" data-id=\"36ae433\" data-element_type=\"section\">\n<div class=\"elementor-container elementor-column-gap-default\">\n<div class=\"elementor-column elementor-col-100 elementor-top-column elementor-element elementor-element-bc75d2f\" data-id=\"bc75d2f\" data-element_type=\"column\">\n<div class=\"elementor-widget-wrap elementor-element-populated\">\n<div class=\"elementor-element elementor-element-96b9250 elementor-widget elementor-widget-theme-page-title elementor-page-title elementor-widget-heading\" data-id=\"96b9250\" data-element_type=\"widget\" data-widget_type=\"theme-page-title.default\">\n<div class=\"elementor-widget-container\">\n<section class=\"elementor-section elementor-top-section elementor-element elementor-element-36ae433 elementor-section-boxed elementor-section-height-default elementor-section-height-default\" data-id=\"36ae433\" data-element_type=\"section\">\n<div class=\"elementor-container elementor-column-gap-default\">\n<div class=\"elementor-column elementor-col-100 elementor-top-column elementor-element elementor-element-bc75d2f\" data-id=\"bc75d2f\" data-element_type=\"column\">\n<div class=\"elementor-widget-wrap elementor-element-populated\">\n<div class=\"elementor-element elementor-element-96b9250 elementor-widget elementor-widget-theme-page-title elementor-page-title elementor-widget-heading\" data-id=\"96b9250\" data-element_type=\"widget\" data-widget_type=\"theme-page-title.default\">\n<div class=\"elementor-widget-container\">\n<p><strong>DATOS IDENTIFICATIVOS<\/strong><\/p>\n<p>De conformidad con lo dispuesto en el art\u00edculo 10 de la Ley 34\/2002, de 11 de julio, de Servicios de la Sociedad de la Informaci\u00f3n y de Comercio Electr\u00f3nico, informamos a todos los usuarios e interesados \u200b\u200bque la responsabilidad y titularidad del dominio web <a href=\"http:\/\/www.barbarameoevoli.com\">www.barbarameoevoli.com<\/a>, as\u00ed como de cualquier plataforma de redes sociales o sitio web asociado (en adelante, el &#8220;sitio web&#8221;), corresponde a BARBARA MEO EVOLI, con NIE Y5729857L y domicilio social en [para m\u00e1s informaci\u00f3n sobre la direcci\u00f3n, escriba a barbara.meoevoli@gmail.com. La direcci\u00f3n completa no se facilita aqu\u00ed por motivos de seguridad personal]. En adelante denominada &#8220;Barbara Meo Evoli&#8221;. The contact email is barbara.meoevoli@gmail.com.<\/p>\n<p><strong>T\u00c9RMINOS Y CONDICIONES<\/strong><\/p>\n<p><strong>USO Y APLICACI\u00d3N<\/strong><\/p>\n<p>Los presentes t\u00e9rminos y condiciones aplican tanto para la p\u00e1gina principal de <a href=\"http:\/\/www.barbarameoevoli.com\">www.barbarameoevoli.com<\/a> como para aquellas otras que hayan sido creadas por BARBARA MEO EVOLI e indiquen de manera expresa e inequ\u00edvoca que forman parte integrante de este sitio web.<\/p>\n<p><strong>USUARIOS<\/strong><\/p>\n<p>Se entender\u00e1 por usuario a toda aquella persona que navegue por el sitio web, accediendo a cualquiera de sus p\u00e1ginas o secciones, bastando con el simple acceso y\/o uso de este sitio web, aceptando desde dicho acceso y\/o uso, los t\u00e9rminos y condiciones aqu\u00ed reflejados. En caso de que el usuario desee contratar alguno de los servicios ofrecidos en el sitio web, se aplicar\u00e1n tambi\u00e9n las pol\u00edticas de contrataci\u00f3n, las cuales ser\u00e1n de obligatorio cumplimiento. <\/p>\n<p><strong>FORMAS DE CONTACTO<\/strong><\/p>\n<p>Si un usuario deseara contactar a BARBARA MEO EVOLI podr\u00e1 enviar un correo electr\u00f3nico a la direcci\u00f3n barbara.meoevoli@gmail.com.<\/p>\n<p><strong>USO DEL SITIO WEB<\/strong><\/p>\n<p>Toda la informaci\u00f3n gr\u00e1fica, textual, de multimedia, fotograf\u00edas, im\u00e1genes, videos, o cualquier otro formato de archivo digital que se encuentran en el sitio web, entendidos de aqu\u00ed en adelante como \u201clos contenidos\u201d, le pertenecen a Barbara Meo Evoli y est\u00e1 protegido por las leyes de derecho de autor a nivel nacional e internacional.<\/p>\n<p>El usuario asume la responsabilidad del uso del sitio web, no pudiendo emplearlos para:<\/p>\n<ol>\n<li>1. Realizar actividades il\u00edcitas, ilegales o contrarias a la moral, buenas costumbres, buena fe y al orden p\u00fablico;<\/li>\n<li>2. Realizar comentarios o difundir contenidos o propaganda de car\u00e1cter racista, xen\u00f3fobo, pornogr\u00e1fico, de apolog\u00eda del terrorismo, que atente contra los derechos humanos o civiles en general;<\/li>\n<li>3. Provocar da\u00f1os en la persona f\u00edsica, intelectual o moral de BARBARA MEO EVOLI, de sus proveedores o de terceras personas;<\/li>\n<li>4. Introducir o difundir en la red virus inform\u00e1ticos o cualesquiera otros sistemas f\u00edsicos o l\u00f3gicos que sean susceptibles de provocar los da\u00f1os anteriormente mencionados;<\/li>\n<li>5. Intentar acceder y\/o utilizar las cuentas de correo electr\u00f3nico de otros usuarios y modificarlos o manipular sus mensajes.<\/li>\n<\/ol>\n<p>BARBARA MEO EVOLI se reserva el derecho de retirar todos aquellos comentarios que vulneren el respeto a la dignidad de la persona, que sean discriminatorios, xen\u00f3fobos, racistas, pornogr\u00e1ficos, que atenten contra la juventud o la infancia, el orden o la seguridad p\u00fablica o que, a su juicio, no resultaran adecuados para su publicaci\u00f3n. En cualquier caso, BARBARA MEO EVOLI no ser\u00e1 responsable de las opiniones dadas por los usuarios en cualquier herramienta de opini\u00f3n que contenga el sitio web. <\/p>\n<p><strong>PROPIEDAD INTELECTUAL<\/strong><\/p>\n<p>BARBARA MEO EVOLI es el titular de todos los derechos de propiedad intelectual e industrial del sitio web, as\u00ed como de los elementos contenidos en la misma, los cuales, a t\u00edtulo enunciativo, pero no limitativo, son: im\u00e1genes, sonido, fotograf\u00edas, audio, v\u00eddeo, software, textos, marcas, logotipos, combinaciones de colores, estructura, dise\u00f1o, selecci\u00f3n de materiales usados, programas necesarios para su funcionamiento, acceso y uso, quedando expresamente prohibida la reproducci\u00f3n, distribuci\u00f3n y comunicaci\u00f3n p\u00fablica, incluida su modalidad de puesta a disposici\u00f3n, de la totalidad o parte de los contenidos del sitio web, en cualquier soporte y por cualquier medio t\u00e9cnico, con o sin fines comerciales sin la autorizaci\u00f3n de BARBARA MEO EVOLI. El usuario se compromete a respetar los derechos de autor titularidad de BARBARA MEO EVOLI, podr\u00e1 en consecuencia visualizar, imprimir, almacenar en un dispositivo electr\u00f3nico o virtual, pero \u00fanica y exclusivamente para su uso personal y privado, no pudiendo en ning\u00fan momento distribuirlos, reproducirlos, onerosa o gratuitamente, a terceros ni realizar transformaci\u00f3n alguna de los mismos. En todo caso, deber\u00e1 siempre hacer menci\u00f3n a la autor\u00eda de BARBARA MEO EVOLI y al sitio web cuando decida compartir en cualquier red social alguno de los contenidos, no pudiendo en ning\u00fan momento modificar, total o parcialmente, cualquiera de los contenidos. No se podr\u00e1 compartir ning\u00fan extracto de un curso, libro, entrada del blog o de cualquier parte del sitio web, ya sea incluso una menci\u00f3n a terceros. <\/p>\n<p><strong>EXCLUSI\u00d3N DE GARANT\u00cdAS Y RESPONSABILIDAD<\/strong><\/p>\n<p>BARBARA MEO EVOLI ha adoptado todas las medidas tecnol\u00f3gicas, necesarias en el sitio web, para evitar da\u00f1os y perjuicios de cualquier naturaleza que pudieran ocasionar, a t\u00edtulo enunciativo: errores u omisiones en los contenidos, falta de disponibilidad del sitio web o la transmisi\u00f3n de virus o programas maliciosos o lesivos en los contenidos o en los datos de los usuarios, y no se hace responsable si en alg\u00fan momento una de estas medidas falla como consecuencia de un uso indebido y\/o abusivo por parte de un tercero. El usuario deber\u00e1 en todo momento abstenerse de suprimir, alterar, eludir o manipular cualquier dispositivo de protecci\u00f3n o sistema de seguridad que estuviera instalado en el sitio web. <\/p>\n<p><strong>MODIFICACIONES<\/strong><\/p>\n<p>BARBARA MEO EVOLI se reserva el derecho de efectuar, sin previo aviso, las modificaciones que considere oportunas en el sitio web, pudiendo cambiar, suprimir o a\u00f1adir tanto los contenidos y servicios que se presten a trav\u00e9s de la misma, como la forma en la que \u00e9stos aparezcan presentados o localizados, as\u00ed como el dise\u00f1o y estructura del mismo.<\/p>\n<p><strong>ENLACES<\/strong><\/p>\n<p>BARBARA MEO EVOLI no tiene control alguno sobre los enlaces y\/o contenidos externos que puedan existir en el sitio web, por lo que no se hace responsable por los mismos, ni garantizar\u00e1 la disponibilidad t\u00e9cnica, calidad, fiabilidad, exactitud, amplitud, veracidad o validez de cualquier material o informaci\u00f3n all\u00ed contenida, y no ser\u00e1n entendidos estos enlaces externos como una posible asociaci\u00f3n, fusi\u00f3n, colaboraci\u00f3n o participaci\u00f3n con el titular y\/o responsable del dominio web al cual est\u00e9n asociados.<\/p>\n<p><strong>DERECHO DE EXCLUSI\u00d3N<\/strong><\/p>\n<p>BARBARA MEO EVOLI se reserva el derecho a denegar o retirar el acceso al sitio web y\/o los servicios ofrecidos sin necesidad de preaviso, a instancia propia o de un tercero, a aquellos usuarios que incumplan los presentes t\u00e9rminos y condiciones.<\/p>\n<p><strong>GARANTIA DE RESULTADOS<\/strong><\/p>\n<p>BARBARA MEO EVOLI no se har\u00e1 responsable por el \u00e9xito o fracaso de los usuarios en la aplicaci\u00f3n de la informaci\u00f3n que reciban del sitio web o de los servicios que ofrece BARBARA MEO EVOLI. El usuario ser\u00e1 el \u00fanico responsable por la aplicaci\u00f3n de lo aprendido con el material suministrado por BARBARA MEO EVOLI Los contenidos que se suministran, se imparten de manera informativa, no queriendo en ning\u00fan momento BARBARA MEO EVOLI sustituir alguna asesor\u00eda profesional personalizada que el usuario, cliente o participante requiera en un tema determinado, y no se har\u00e1 responsable por los problemas que pueda tener \u00e9ste por un uso, correcto o no, de la informaci\u00f3n suministrada o por no tomar en cuenta problemas de salud, ideol\u00f3gicos, econ\u00f3micos o de cualquier otra \u00edndole que pudieran ser afectados por el contenido que se encuentre en de forma gratuita o no expuesto dentro del sitio web. <\/p>\n<p><strong>RESOLUCI\u00d3N DE LITIGIOS EN L\u00cdNEA<\/strong><\/p>\n<p>El usuario o el cliente podr\u00e1 escribir a barbara.meoevoli@gmail.com para resolver cualquier problema que tenga con el sitio web o con el servicio prestado.<\/p>\n<p><strong>ACCIONES LEGALES<\/strong><\/p>\n<p>BARBARA MEO EVOLI puede, en cualquier momento, ejercer acciones legales de car\u00e1cter civil o penal, contra cualquier persona que realice un uso indebido del contenido expuesto en el sitio web, o por incumplir con estos t\u00e9rminos y condiciones. Se aplicar\u00e1 en todo momento la legislaci\u00f3n del territorio de ESPA\u00d1A y en caso de alg\u00fan conflicto, las partes se someter\u00e1n a la jurisdicci\u00f3n de BARCELONA, ESPA\u00d1A, por ser el domicilio del titular del sitio web. <\/p>\n<\/div>\n<\/div>\n<\/div>\n<\/div>\n<\/div>\n<\/section>\n<\/div>\n<\/div>\n<\/div>\n<\/div>\n<\/div>\n<\/section>\n<p><\/p>\t\t\t\t\t\t\t\t<\/div>\n\t\t\t\t\t<\/div>\n\t\t<\/div>\n\t\t\t\t\t<\/div>\n\t\t<\/section>\n\t\t\t\t<\/div>\n\t\t","protected":false},"excerpt":{"rendered":"<p>DATOS IDENTIFICATIVOS De conformidad con lo dispuesto en el art\u00edculo 10 de la Ley 34\/2002, de 11 de julio, de Servicios de la Sociedad de la Informaci\u00f3n y de Comercio Electr\u00f3nico, informamos a todos los usuarios e interesados \u200b\u200bque la responsabilidad y titularidad del dominio web www.barbarameoevoli.com, as\u00ed como de cualquier plataforma de redes sociales [&hellip;]<\/p>\n","protected":false},"author":1,"featured_media":0,"parent":0,"menu_order":0,"comment_status":"closed","ping_status":"closed","template":"","meta":{"footnotes":""},"class_list":["post-12864","page","type-page","status-publish","hentry"],"yoast_head":"<!-- This site is optimized with the Yoast SEO plugin v27.5 - https:\/\/yoast.com\/product\/yoast-seo-wordpress\/ -->\n<title>Aviso legal - Barbara Meo-Evoli<\/title>\n<meta name=\"description\" content=\"DATOS IDENTIFICATIVOS De conformidad con lo dispuesto en el art\u00edculo 10 de la Ley 34\/2002, de 11 de julio, de Servicios de la Sociedad de la Informaci\u00f3n y\" \/>\n<meta name=\"robots\" content=\"index, follow, max-snippet:-1, max-image-preview:large, max-video-preview:-1\" \/>\n<link rel=\"canonical\" href=\"https:\/\/www.barbarameoevoli.com\/es\/politica-de-reembolsos-y-devoluciones\/\" \/>\n<meta property=\"og:locale\" content=\"es_ES\" \/>\n<meta property=\"og:type\" content=\"article\" \/>\n<meta property=\"og:title\" content=\"Aviso legal - Barbara Meo-Evoli\" \/>\n<meta property=\"og:description\" content=\"DATOS IDENTIFICATIVOS De conformidad con lo dispuesto en el art\u00edculo 10 de la Ley 34\/2002, de 11 de julio, de Servicios de la Sociedad de la Informaci\u00f3n y\" \/>\n<meta property=\"og:url\" content=\"https:\/\/www.barbarameoevoli.com\/es\/politica-de-reembolsos-y-devoluciones\/\" \/>\n<meta property=\"og:site_name\" content=\"Barbara Meo-Evoli\" \/>\n<meta property=\"article:modified_time\" content=\"2025-12-11T12:53:17+00:00\" \/>\n<meta property=\"og:image\" content=\"https:\/\/www.barbarameoevoli.com\/wp-content\/uploads\/2024\/10\/LOGO-BME-ROJO.png\" \/>\n\t<meta property=\"og:image:width\" content=\"289\" \/>\n\t<meta property=\"og:image:height\" content=\"400\" \/>\n\t<meta property=\"og:image:type\" content=\"image\/png\" \/>\n<meta name=\"twitter:card\" content=\"summary_large_image\" \/>\n<meta name=\"twitter:label1\" content=\"Est. reading time\" \/>\n\t<meta name=\"twitter:data1\" content=\"7 minutes\" \/>\n<script type=\"application\/ld+json\" class=\"yoast-schema-graph\">{\"@context\":\"https:\\\/\\\/schema.org\",\"@graph\":[{\"@type\":\"WebPage\",\"@id\":\"https:\\\/\\\/www.barbarameoevoli.com\\\/es\\\/politica-de-reembolsos-y-devoluciones\\\/\",\"url\":\"https:\\\/\\\/www.barbarameoevoli.com\\\/es\\\/politica-de-reembolsos-y-devoluciones\\\/\",\"name\":\"Aviso legal - Barbara Meo-Evoli\",\"isPartOf\":{\"@id\":\"https:\\\/\\\/www.barbarameoevoli.com\\\/#website\"},\"datePublished\":\"2023-07-07T02:41:56+00:00\",\"dateModified\":\"2025-12-11T12:53:17+00:00\",\"description\":\"DATOS IDENTIFICATIVOS De conformidad con lo dispuesto en el art\u00edculo 10 de la Ley 34\\\/2002, de 11 de julio, de Servicios de la Sociedad de la Informaci\u00f3n y\",\"breadcrumb\":{\"@id\":\"https:\\\/\\\/www.barbarameoevoli.com\\\/es\\\/politica-de-reembolsos-y-devoluciones\\\/#breadcrumb\"},\"inLanguage\":\"es-ES\",\"potentialAction\":[{\"@type\":\"ReadAction\",\"target\":[\"https:\\\/\\\/www.barbarameoevoli.com\\\/es\\\/politica-de-reembolsos-y-devoluciones\\\/\"]}]},{\"@type\":\"BreadcrumbList\",\"@id\":\"https:\\\/\\\/www.barbarameoevoli.com\\\/es\\\/politica-de-reembolsos-y-devoluciones\\\/#breadcrumb\",\"itemListElement\":[{\"@type\":\"ListItem\",\"position\":1,\"name\":\"Home\",\"item\":\"https:\\\/\\\/www.barbarameoevoli.com\\\/\"},{\"@type\":\"ListItem\",\"position\":2,\"name\":\"Aviso legal\"}]},{\"@type\":\"WebSite\",\"@id\":\"https:\\\/\\\/www.barbarameoevoli.com\\\/#website\",\"url\":\"https:\\\/\\\/www.barbarameoevoli.com\\\/\",\"name\":\"Barbara Meo-Evoli\",\"description\":\"Barbara Meo-Evoli\",\"publisher\":{\"@id\":\"https:\\\/\\\/www.barbarameoevoli.com\\\/#organization\"},\"potentialAction\":[{\"@type\":\"SearchAction\",\"target\":{\"@type\":\"EntryPoint\",\"urlTemplate\":\"https:\\\/\\\/www.barbarameoevoli.com\\\/?s={search_term_string}\"},\"query-input\":{\"@type\":\"PropertyValueSpecification\",\"valueRequired\":true,\"valueName\":\"search_term_string\"}}],\"inLanguage\":\"es-ES\"},{\"@type\":\"Organization\",\"@id\":\"https:\\\/\\\/www.barbarameoevoli.com\\\/#organization\",\"name\":\"Barbara Meo-Evoli\",\"url\":\"https:\\\/\\\/www.barbarameoevoli.com\\\/\",\"logo\":{\"@type\":\"ImageObject\",\"inLanguage\":\"es-ES\",\"@id\":\"https:\\\/\\\/www.barbarameoevoli.com\\\/#\\\/schema\\\/logo\\\/image\\\/\",\"url\":\"https:\\\/\\\/www.barbarameoevoli.com\\\/wp-content\\\/uploads\\\/2024\\\/10\\\/cropped-LOGO-BME-ROJO-SOLO.png\",\"contentUrl\":\"https:\\\/\\\/www.barbarameoevoli.com\\\/wp-content\\\/uploads\\\/2024\\\/10\\\/cropped-LOGO-BME-ROJO-SOLO.png\",\"width\":273,\"height\":273,\"caption\":\"Barbara Meo-Evoli\"},\"image\":{\"@id\":\"https:\\\/\\\/www.barbarameoevoli.com\\\/#\\\/schema\\\/logo\\\/image\\\/\"}}]}<\/script>\n<!-- \/ Yoast SEO plugin. -->","yoast_head_json":{"title":"Aviso legal - Barbara Meo-Evoli","description":"DATOS IDENTIFICATIVOS De conformidad con lo dispuesto en el art\u00edculo 10 de la Ley 34\/2002, de 11 de julio, de Servicios de la Sociedad de la Informaci\u00f3n y","robots":{"index":"index","follow":"follow","max-snippet":"max-snippet:-1","max-image-preview":"max-image-preview:large","max-video-preview":"max-video-preview:-1"},"canonical":"https:\/\/www.barbarameoevoli.com\/es\/politica-de-reembolsos-y-devoluciones\/","og_locale":"es_ES","og_type":"article","og_title":"Aviso legal - Barbara Meo-Evoli","og_description":"DATOS IDENTIFICATIVOS De conformidad con lo dispuesto en el art\u00edculo 10 de la Ley 34\/2002, de 11 de julio, de Servicios de la Sociedad de la Informaci\u00f3n y","og_url":"https:\/\/www.barbarameoevoli.com\/es\/politica-de-reembolsos-y-devoluciones\/","og_site_name":"Barbara Meo-Evoli","article_modified_time":"2025-12-11T12:53:17+00:00","og_image":[{"width":289,"height":400,"url":"https:\/\/www.barbarameoevoli.com\/wp-content\/uploads\/2024\/10\/LOGO-BME-ROJO.png","type":"image\/png"}],"twitter_card":"summary_large_image","twitter_misc":{"Est. reading time":"7 minutes"},"schema":{"@context":"https:\/\/schema.org","@graph":[{"@type":"WebPage","@id":"https:\/\/www.barbarameoevoli.com\/es\/politica-de-reembolsos-y-devoluciones\/","url":"https:\/\/www.barbarameoevoli.com\/es\/politica-de-reembolsos-y-devoluciones\/","name":"Aviso legal - Barbara Meo-Evoli","isPartOf":{"@id":"https:\/\/www.barbarameoevoli.com\/#website"},"datePublished":"2023-07-07T02:41:56+00:00","dateModified":"2025-12-11T12:53:17+00:00","description":"DATOS IDENTIFICATIVOS De conformidad con lo dispuesto en el art\u00edculo 10 de la Ley 34\/2002, de 11 de julio, de Servicios de la Sociedad de la Informaci\u00f3n y","breadcrumb":{"@id":"https:\/\/www.barbarameoevoli.com\/es\/politica-de-reembolsos-y-devoluciones\/#breadcrumb"},"inLanguage":"es-ES","potentialAction":[{"@type":"ReadAction","target":["https:\/\/www.barbarameoevoli.com\/es\/politica-de-reembolsos-y-devoluciones\/"]}]},{"@type":"BreadcrumbList","@id":"https:\/\/www.barbarameoevoli.com\/es\/politica-de-reembolsos-y-devoluciones\/#breadcrumb","itemListElement":[{"@type":"ListItem","position":1,"name":"Home","item":"https:\/\/www.barbarameoevoli.com\/"},{"@type":"ListItem","position":2,"name":"Aviso legal"}]},{"@type":"WebSite","@id":"https:\/\/www.barbarameoevoli.com\/#website","url":"https:\/\/www.barbarameoevoli.com\/","name":"Barbara Meo-Evoli","description":"Barbara Meo-Evoli","publisher":{"@id":"https:\/\/www.barbarameoevoli.com\/#organization"},"potentialAction":[{"@type":"SearchAction","target":{"@type":"EntryPoint","urlTemplate":"https:\/\/www.barbarameoevoli.com\/?s={search_term_string}"},"query-input":{"@type":"PropertyValueSpecification","valueRequired":true,"valueName":"search_term_string"}}],"inLanguage":"es-ES"},{"@type":"Organization","@id":"https:\/\/www.barbarameoevoli.com\/#organization","name":"Barbara Meo-Evoli","url":"https:\/\/www.barbarameoevoli.com\/","logo":{"@type":"ImageObject","inLanguage":"es-ES","@id":"https:\/\/www.barbarameoevoli.com\/#\/schema\/logo\/image\/","url":"https:\/\/www.barbarameoevoli.com\/wp-content\/uploads\/2024\/10\/cropped-LOGO-BME-ROJO-SOLO.png","contentUrl":"https:\/\/www.barbarameoevoli.com\/wp-content\/uploads\/2024\/10\/cropped-LOGO-BME-ROJO-SOLO.png","width":273,"height":273,"caption":"Barbara Meo-Evoli"},"image":{"@id":"https:\/\/www.barbarameoevoli.com\/#\/schema\/logo\/image\/"}}]}},"_links":{"self":[{"href":"https:\/\/www.barbarameoevoli.com\/es\/wp-json\/wp\/v2\/pages\/12864","targetHints":{"allow":["GET"]}}],"collection":[{"href":"https:\/\/www.barbarameoevoli.com\/es\/wp-json\/wp\/v2\/pages"}],"about":[{"href":"https:\/\/www.barbarameoevoli.com\/es\/wp-json\/wp\/v2\/types\/page"}],"author":[{"embeddable":true,"href":"https:\/\/www.barbarameoevoli.com\/es\/wp-json\/wp\/v2\/users\/1"}],"replies":[{"embeddable":true,"href":"https:\/\/www.barbarameoevoli.com\/es\/wp-json\/wp\/v2\/comments?post=12864"}],"version-history":[{"count":2,"href":"https:\/\/www.barbarameoevoli.com\/es\/wp-json\/wp\/v2\/pages\/12864\/revisions"}],"predecessor-version":[{"id":15578,"href":"https:\/\/www.barbarameoevoli.com\/es\/wp-json\/wp\/v2\/pages\/12864\/revisions\/15578"}],"wp:attachment":[{"href":"https:\/\/www.barbarameoevoli.com\/es\/wp-json\/wp\/v2\/media?parent=12864"}],"curies":[{"name":"wp","href":"https:\/\/api.w.org\/{rel}","templated":true}]}}