{"id":12860,"date":"2024-10-30T16:18:02","date_gmt":"2024-10-30T15:18:02","guid":{"rendered":"http:\/\/www.barbarameoevoli.com.mialias.net\/reserva-2\/"},"modified":"2025-12-11T13:48:48","modified_gmt":"2025-12-11T12:48:48","slug":"reserva","status":"publish","type":"page","link":"https:\/\/www.barbarameoevoli.com\/es\/reserva\/","title":{"rendered":"Reserva"},"content":{"rendered":"\t\t<div data-elementor-type=\"wp-page\" data-elementor-id=\"12860\" class=\"elementor elementor-12860 elementor-8673\" data-elementor-post-type=\"page\">\n\t\t\t\t<div class=\"elementor-element elementor-element-14cded1 e-flex e-con-boxed e-con e-parent\" data-id=\"14cded1\" data-element_type=\"container\" data-e-type=\"container\" data-settings=\"{&quot;background_background&quot;:&quot;classic&quot;}\">\n\t\t\t\t\t<div class=\"e-con-inner\">\n\t\t\t\t<div class=\"elementor-element elementor-element-7927c5f elementor-widget elementor-widget-heading\" data-id=\"7927c5f\" data-element_type=\"widget\" data-e-type=\"widget\" data-widget_type=\"heading.default\">\n\t\t\t\t\t<h1 class=\"elementor-heading-title elementor-size-default\">RESERVA<\/h1>\t\t\t\t<\/div>\n\t\t\t\t<div class=\"elementor-element elementor-element-41d60a3 elementor-widget elementor-widget-text-editor\" data-id=\"41d60a3\" data-element_type=\"widget\" data-e-type=\"widget\" data-widget_type=\"text-editor.default\">\n\t\t\t\t\t\t\t\t\t<p>Programa una sesi\u00f3n introductoria gratuita para descubrir c\u00f3mo mis <strong>servicios de coaching<\/strong> y <strong>formaci\u00f3n intercultural<\/strong> pueden apoyar el crecimiento y la transformaci\u00f3n individual, del equipo y de la organizaci\u00f3n. Conectemos, intercambiemos ideas e identifiquemos la mejor forma de colaborar. &nbsp;<\/p>\t\t\t\t\t\t\t\t<\/div>\n\t\t\t\t\t<\/div>\n\t\t\t\t<\/div>\n\t\t\t\t<section class=\"elementor-section elementor-top-section elementor-element elementor-element-02c03c7 elementor-section-height-min-height animated-slow elementor-section-stretched elementor-section-boxed elementor-section-height-default elementor-section-items-middle elementor-invisible\" data-id=\"02c03c7\" data-element_type=\"section\" data-e-type=\"section\" data-settings=\"{&quot;background_background&quot;:&quot;video&quot;,&quot;animation&quot;:&quot;zoomIn&quot;,&quot;background_video_link&quot;:&quot;https:\\\/\\\/vimeo.com\\\/1029648075&quot;,&quot;stretch_section&quot;:&quot;section-stretched&quot;,&quot;background_video_start&quot;:2,&quot;background_video_end&quot;:0,&quot;background_play_on_mobile&quot;:&quot;yes&quot;}\">\n\t\t\t\t\t\t\t\t<div class=\"elementor-background-video-container\">\n\t\t\t\t\t\t\t\t\t\t\t\t\t<div class=\"elementor-background-video-embed\" role=\"presentation\"><\/div>\n\t\t\t\t\t\t\t\t\t\t\t\t<\/div>\n\t\t\t\t\t\t\t\t\t<div class=\"elementor-background-overlay\"><\/div>\n\t\t\t\t\t\t\t<div class=\"elementor-container elementor-column-gap-default\">\n\t\t\t\t\t<div class=\"elementor-column elementor-col-100 elementor-top-column elementor-element elementor-element-b011ff0\" data-id=\"b011ff0\" data-element_type=\"column\" data-e-type=\"column\">\n\t\t\t<div class=\"elementor-widget-wrap elementor-element-populated\">\n\t\t\t\t\t\t<div class=\"elementor-element elementor-element-ab17d28 elementor-align-center elementor-widget elementor-widget-button\" data-id=\"ab17d28\" data-element_type=\"widget\" data-e-type=\"widget\" data-widget_type=\"button.default\">\n\t\t\t\t\t\t\t\t\t\t<a class=\"elementor-button elementor-button-link elementor-size-sm\" href=\"https:\/\/calendly.com\/barbara-meoevoli\/\">\n\t\t\t\t\t\t<span class=\"elementor-button-content-wrapper\">\n\t\t\t\t\t\t<span class=\"elementor-button-icon\">\n\t\t\t\t<svg aria-hidden=\"true\" class=\"e-font-icon-svg e-fas-arrow-right\" viewBox=\"0 0 448 512\" xmlns=\"http:\/\/www.w3.org\/2000\/svg\"><path d=\"M190.5 66.9l22.2-22.2c9.4-9.4 24.6-9.4 33.9 0L441 239c9.4 9.4 9.4 24.6 0 33.9L246.6 467.3c-9.4 9.4-24.6 9.4-33.9 0l-22.2-22.2c-9.5-9.5-9.3-25 .4-34.3L311.4 296H24c-13.3 0-24-10.7-24-24v-32c0-13.3 10.7-24 24-24h287.4L190.9 101.2c-9.8-9.3-10-24.8-.4-34.3z\"><\/path><\/svg>\t\t\t<\/span>\n\t\t\t\t\t\t\t\t\t<span class=\"elementor-button-text\">RESERVA UNA SESI\u00d3N<\/span>\n\t\t\t\t\t<\/span>\n\t\t\t\t\t<\/a>\n\t\t\t\t\t\t\t\t<\/div>\n\t\t\t\t\t<\/div>\n\t\t<\/div>\n\t\t\t\t\t<\/div>\n\t\t<\/section>\n\t\t\t\t<\/div>\n\t\t","protected":false},"excerpt":{"rendered":"<p>RESERVA Programa una sesi\u00f3n introductoria gratuita para descubrir c\u00f3mo mis servicios de coaching y formaci\u00f3n intercultural pueden apoyar el crecimiento y la transformaci\u00f3n individual, del equipo y de la organizaci\u00f3n. Conectemos, intercambiemos ideas e identifiquemos la mejor forma de colaborar. &nbsp; RESERVA UNA SESI\u00d3N<\/p>\n","protected":false},"author":1,"featured_media":0,"parent":0,"menu_order":0,"comment_status":"closed","ping_status":"closed","template":"elementor_header_footer","meta":{"footnotes":""},"class_list":["post-12860","page","type-page","status-publish","hentry"],"yoast_head":"<!-- This site is optimized with the Yoast SEO plugin v27.5 - https:\/\/yoast.com\/product\/yoast-seo-wordpress\/ -->\n<title>Reserva - Barbara Meo-Evoli<\/title>\n<meta name=\"description\" content=\"RESERVA Programa una sesi\u00f3n introductoria gratuita para descubrir c\u00f3mo mis servicios de coaching y formaci\u00f3n intercultural pueden apoyar el crecimiento y\" \/>\n<meta name=\"robots\" content=\"index, follow, max-snippet:-1, max-image-preview:large, max-video-preview:-1\" \/>\n<link rel=\"canonical\" href=\"https:\/\/www.barbarameoevoli.com\/es\/reserva\/\" \/>\n<meta property=\"og:locale\" content=\"es_ES\" \/>\n<meta property=\"og:type\" content=\"article\" \/>\n<meta property=\"og:title\" content=\"Reserva - Barbara Meo-Evoli\" \/>\n<meta property=\"og:description\" content=\"RESERVA Programa una sesi\u00f3n introductoria gratuita para descubrir c\u00f3mo mis servicios de coaching y formaci\u00f3n intercultural pueden apoyar el crecimiento y\" \/>\n<meta property=\"og:url\" content=\"https:\/\/www.barbarameoevoli.com\/es\/reserva\/\" \/>\n<meta property=\"og:site_name\" content=\"Barbara Meo-Evoli\" \/>\n<meta property=\"article:modified_time\" content=\"2025-12-11T12:48:48+00:00\" \/>\n<meta property=\"og:image\" content=\"https:\/\/www.barbarameoevoli.com\/wp-content\/uploads\/2024\/10\/LOGO-BME-ROJO.png\" \/>\n\t<meta property=\"og:image:width\" content=\"289\" \/>\n\t<meta property=\"og:image:height\" content=\"400\" \/>\n\t<meta property=\"og:image:type\" content=\"image\/png\" \/>\n<meta name=\"twitter:card\" content=\"summary_large_image\" \/>\n<meta name=\"twitter:label1\" content=\"Est. reading time\" \/>\n\t<meta name=\"twitter:data1\" content=\"1 minute\" \/>\n<script type=\"application\/ld+json\" class=\"yoast-schema-graph\">{\"@context\":\"https:\\\/\\\/schema.org\",\"@graph\":[{\"@type\":\"WebPage\",\"@id\":\"https:\\\/\\\/www.barbarameoevoli.com\\\/es\\\/reserva\\\/\",\"url\":\"https:\\\/\\\/www.barbarameoevoli.com\\\/es\\\/reserva\\\/\",\"name\":\"Reserva - Barbara Meo-Evoli\",\"isPartOf\":{\"@id\":\"https:\\\/\\\/www.barbarameoevoli.com\\\/#website\"},\"datePublished\":\"2024-10-30T15:18:02+00:00\",\"dateModified\":\"2025-12-11T12:48:48+00:00\",\"description\":\"RESERVA Programa una sesi\u00f3n introductoria gratuita para descubrir c\u00f3mo mis servicios de coaching y formaci\u00f3n intercultural pueden apoyar el crecimiento y\",\"breadcrumb\":{\"@id\":\"https:\\\/\\\/www.barbarameoevoli.com\\\/es\\\/reserva\\\/#breadcrumb\"},\"inLanguage\":\"es-ES\",\"potentialAction\":[{\"@type\":\"ReadAction\",\"target\":[\"https:\\\/\\\/www.barbarameoevoli.com\\\/es\\\/reserva\\\/\"]}]},{\"@type\":\"BreadcrumbList\",\"@id\":\"https:\\\/\\\/www.barbarameoevoli.com\\\/es\\\/reserva\\\/#breadcrumb\",\"itemListElement\":[{\"@type\":\"ListItem\",\"position\":1,\"name\":\"Home\",\"item\":\"https:\\\/\\\/www.barbarameoevoli.com\\\/\"},{\"@type\":\"ListItem\",\"position\":2,\"name\":\"Reserva\"}]},{\"@type\":\"WebSite\",\"@id\":\"https:\\\/\\\/www.barbarameoevoli.com\\\/#website\",\"url\":\"https:\\\/\\\/www.barbarameoevoli.com\\\/\",\"name\":\"Barbara Meo-Evoli\",\"description\":\"Barbara Meo-Evoli\",\"publisher\":{\"@id\":\"https:\\\/\\\/www.barbarameoevoli.com\\\/#organization\"},\"potentialAction\":[{\"@type\":\"SearchAction\",\"target\":{\"@type\":\"EntryPoint\",\"urlTemplate\":\"https:\\\/\\\/www.barbarameoevoli.com\\\/?s={search_term_string}\"},\"query-input\":{\"@type\":\"PropertyValueSpecification\",\"valueRequired\":true,\"valueName\":\"search_term_string\"}}],\"inLanguage\":\"es-ES\"},{\"@type\":\"Organization\",\"@id\":\"https:\\\/\\\/www.barbarameoevoli.com\\\/#organization\",\"name\":\"Barbara Meo-Evoli\",\"url\":\"https:\\\/\\\/www.barbarameoevoli.com\\\/\",\"logo\":{\"@type\":\"ImageObject\",\"inLanguage\":\"es-ES\",\"@id\":\"https:\\\/\\\/www.barbarameoevoli.com\\\/#\\\/schema\\\/logo\\\/image\\\/\",\"url\":\"https:\\\/\\\/www.barbarameoevoli.com\\\/wp-content\\\/uploads\\\/2024\\\/10\\\/cropped-LOGO-BME-ROJO-SOLO.png\",\"contentUrl\":\"https:\\\/\\\/www.barbarameoevoli.com\\\/wp-content\\\/uploads\\\/2024\\\/10\\\/cropped-LOGO-BME-ROJO-SOLO.png\",\"width\":273,\"height\":273,\"caption\":\"Barbara Meo-Evoli\"},\"image\":{\"@id\":\"https:\\\/\\\/www.barbarameoevoli.com\\\/#\\\/schema\\\/logo\\\/image\\\/\"}}]}<\/script>\n<!-- \/ Yoast SEO plugin. -->","yoast_head_json":{"title":"Reserva - Barbara Meo-Evoli","description":"RESERVA Programa una sesi\u00f3n introductoria gratuita para descubrir c\u00f3mo mis servicios de coaching y formaci\u00f3n intercultural pueden apoyar el crecimiento y","robots":{"index":"index","follow":"follow","max-snippet":"max-snippet:-1","max-image-preview":"max-image-preview:large","max-video-preview":"max-video-preview:-1"},"canonical":"https:\/\/www.barbarameoevoli.com\/es\/reserva\/","og_locale":"es_ES","og_type":"article","og_title":"Reserva - Barbara Meo-Evoli","og_description":"RESERVA Programa una sesi\u00f3n introductoria gratuita para descubrir c\u00f3mo mis servicios de coaching y formaci\u00f3n intercultural pueden apoyar el crecimiento y","og_url":"https:\/\/www.barbarameoevoli.com\/es\/reserva\/","og_site_name":"Barbara Meo-Evoli","article_modified_time":"2025-12-11T12:48:48+00:00","og_image":[{"width":289,"height":400,"url":"https:\/\/www.barbarameoevoli.com\/wp-content\/uploads\/2024\/10\/LOGO-BME-ROJO.png","type":"image\/png"}],"twitter_card":"summary_large_image","twitter_misc":{"Est. reading time":"1 minute"},"schema":{"@context":"https:\/\/schema.org","@graph":[{"@type":"WebPage","@id":"https:\/\/www.barbarameoevoli.com\/es\/reserva\/","url":"https:\/\/www.barbarameoevoli.com\/es\/reserva\/","name":"Reserva - Barbara Meo-Evoli","isPartOf":{"@id":"https:\/\/www.barbarameoevoli.com\/#website"},"datePublished":"2024-10-30T15:18:02+00:00","dateModified":"2025-12-11T12:48:48+00:00","description":"RESERVA Programa una sesi\u00f3n introductoria gratuita para descubrir c\u00f3mo mis servicios de coaching y formaci\u00f3n intercultural pueden apoyar el crecimiento y","breadcrumb":{"@id":"https:\/\/www.barbarameoevoli.com\/es\/reserva\/#breadcrumb"},"inLanguage":"es-ES","potentialAction":[{"@type":"ReadAction","target":["https:\/\/www.barbarameoevoli.com\/es\/reserva\/"]}]},{"@type":"BreadcrumbList","@id":"https:\/\/www.barbarameoevoli.com\/es\/reserva\/#breadcrumb","itemListElement":[{"@type":"ListItem","position":1,"name":"Home","item":"https:\/\/www.barbarameoevoli.com\/"},{"@type":"ListItem","position":2,"name":"Reserva"}]},{"@type":"WebSite","@id":"https:\/\/www.barbarameoevoli.com\/#website","url":"https:\/\/www.barbarameoevoli.com\/","name":"Barbara Meo-Evoli","description":"Barbara Meo-Evoli","publisher":{"@id":"https:\/\/www.barbarameoevoli.com\/#organization"},"potentialAction":[{"@type":"SearchAction","target":{"@type":"EntryPoint","urlTemplate":"https:\/\/www.barbarameoevoli.com\/?s={search_term_string}"},"query-input":{"@type":"PropertyValueSpecification","valueRequired":true,"valueName":"search_term_string"}}],"inLanguage":"es-ES"},{"@type":"Organization","@id":"https:\/\/www.barbarameoevoli.com\/#organization","name":"Barbara Meo-Evoli","url":"https:\/\/www.barbarameoevoli.com\/","logo":{"@type":"ImageObject","inLanguage":"es-ES","@id":"https:\/\/www.barbarameoevoli.com\/#\/schema\/logo\/image\/","url":"https:\/\/www.barbarameoevoli.com\/wp-content\/uploads\/2024\/10\/cropped-LOGO-BME-ROJO-SOLO.png","contentUrl":"https:\/\/www.barbarameoevoli.com\/wp-content\/uploads\/2024\/10\/cropped-LOGO-BME-ROJO-SOLO.png","width":273,"height":273,"caption":"Barbara Meo-Evoli"},"image":{"@id":"https:\/\/www.barbarameoevoli.com\/#\/schema\/logo\/image\/"}}]}},"_links":{"self":[{"href":"https:\/\/www.barbarameoevoli.com\/es\/wp-json\/wp\/v2\/pages\/12860","targetHints":{"allow":["GET"]}}],"collection":[{"href":"https:\/\/www.barbarameoevoli.com\/es\/wp-json\/wp\/v2\/pages"}],"about":[{"href":"https:\/\/www.barbarameoevoli.com\/es\/wp-json\/wp\/v2\/types\/page"}],"author":[{"embeddable":true,"href":"https:\/\/www.barbarameoevoli.com\/es\/wp-json\/wp\/v2\/users\/1"}],"replies":[{"embeddable":true,"href":"https:\/\/www.barbarameoevoli.com\/es\/wp-json\/wp\/v2\/comments?post=12860"}],"version-history":[{"count":2,"href":"https:\/\/www.barbarameoevoli.com\/es\/wp-json\/wp\/v2\/pages\/12860\/revisions"}],"predecessor-version":[{"id":15571,"href":"https:\/\/www.barbarameoevoli.com\/es\/wp-json\/wp\/v2\/pages\/12860\/revisions\/15571"}],"wp:attachment":[{"href":"https:\/\/www.barbarameoevoli.com\/es\/wp-json\/wp\/v2\/media?parent=12860"}],"curies":[{"name":"wp","href":"https:\/\/api.w.org\/{rel}","templated":true}]}}