{"id":12856,"date":"2023-07-06T10:58:56","date_gmt":"2023-07-06T08:58:56","guid":{"rendered":"http:\/\/www.barbarameoevoli.com.mialias.net\/politica-de-privacidad\/"},"modified":"2025-12-11T13:53:58","modified_gmt":"2025-12-11T12:53:58","slug":"politica-de-privacidad","status":"publish","type":"page","link":"https:\/\/www.barbarameoevoli.com\/es\/politica-de-privacidad\/","title":{"rendered":"Pol\u00edtica de privacidad"},"content":{"rendered":"\t\t<div data-elementor-type=\"wp-page\" data-elementor-id=\"12856\" class=\"elementor elementor-12856 elementor-3\" data-elementor-post-type=\"page\">\n\t\t\t\t\t\t<section class=\"elementor-section elementor-top-section elementor-element elementor-element-43c74d30 elementor-section-boxed elementor-section-height-default elementor-section-height-default\" data-id=\"43c74d30\" data-element_type=\"section\" data-e-type=\"section\">\n\t\t\t\t\t\t<div class=\"elementor-container elementor-column-gap-default\">\n\t\t\t\t\t<div class=\"elementor-column elementor-col-100 elementor-top-column elementor-element elementor-element-774dcff8\" data-id=\"774dcff8\" data-element_type=\"column\" data-e-type=\"column\">\n\t\t\t<div class=\"elementor-widget-wrap elementor-element-populated\">\n\t\t\t\t\t\t<div class=\"elementor-element elementor-element-456ffbe elementor-widget elementor-widget-heading\" data-id=\"456ffbe\" data-element_type=\"widget\" data-e-type=\"widget\" data-widget_type=\"heading.default\">\n\t\t\t\t\t<h1 class=\"elementor-heading-title elementor-size-default\">Pol\u00edtica de privacidad<\/h1>\t\t\t\t<\/div>\n\t\t\t\t<div class=\"elementor-element elementor-element-1b673553 elementor-widget elementor-widget-text-editor\" data-id=\"1b673553\" data-element_type=\"widget\" data-e-type=\"widget\" data-widget_type=\"text-editor.default\">\n\t\t\t\t\t\t\t\t\t\n<section class=\"elementor-section elementor-top-section elementor-element elementor-element-36ae433 elementor-section-boxed elementor-section-height-default elementor-section-height-default\" data-id=\"36ae433\" data-element_type=\"section\">\n<div class=\"elementor-container elementor-column-gap-default\">\n<div class=\"elementor-column elementor-col-100 elementor-top-column elementor-element elementor-element-bc75d2f\" data-id=\"bc75d2f\" data-element_type=\"column\">\n<div class=\"elementor-widget-wrap elementor-element-populated\">\n<div class=\"elementor-element elementor-element-96b9250 elementor-widget elementor-widget-theme-page-title elementor-page-title elementor-widget-heading\" data-id=\"96b9250\" data-element_type=\"widget\" data-widget_type=\"theme-page-title.default\">\n<div class=\"elementor-widget-container\">\n<section class=\"elementor-section elementor-top-section elementor-element elementor-element-36ae433 elementor-section-boxed elementor-section-height-default elementor-section-height-default\" data-id=\"36ae433\" data-element_type=\"section\">\n<div class=\"elementor-container elementor-column-gap-default\">\n<div class=\"elementor-column elementor-col-100 elementor-top-column elementor-element elementor-element-bc75d2f\" data-id=\"bc75d2f\" data-element_type=\"column\">\n<div class=\"elementor-widget-wrap elementor-element-populated\">\n<div class=\"elementor-element elementor-element-96b9250 elementor-widget elementor-widget-theme-page-title elementor-page-title elementor-widget-heading\" data-id=\"96b9250\" data-element_type=\"widget\" data-widget_type=\"theme-page-title.default\">\n<div class=\"elementor-widget-container\">\n<p><strong>Responsable de los datos personales:<\/strong> Barbara Meo Evoli, NIE Y5729857L con domicilio (para m\u00e1s detalles sobre la direcci\u00f3n, por favor escribir a barbara.meoevoli@gmail.com, se expone de forma parcial la direcci\u00f3n del titular del sitio web por motivos de seguridad personal) en lo adelante BARBARA MEO EVOLI, y cuyo correo electr\u00f3nico de contacto es <a href=\"mailto:barbara.meoevoli@gmail.com\">barbara.meoevoli@gmail.com<\/a> <\/p>\n<p> <\/p>\n<p><strong>Datos solicitados en el sitio web y finalidad del tratamiento<\/strong><\/p>\n<ul>\n<li>\u2022 <strong>Nombre, apellidos y correo electr\u00f3nico en los formularios de contacto:<\/strong> para realizar cualquier contacto directo con BARBARA MEO EVOLI, ya sea para plantear dudas, comentarios, sugerencias, solicitar un servicio o producto, o cualquier otra informaci\u00f3n. No suministrar los datos personales m\u00ednimos necesarios imposibilitar\u00e1 a BARBARA MEO EVOLI de responder a la petici\u00f3n. <\/li>\n<li><strong>Nombre y correo electr\u00f3nico:<\/strong> para poder realizar comentarios en el blog del sitio web.<\/li>\n<li><strong>Nombre, apellidos, direcci\u00f3n, tel\u00e9fono, correo electr\u00f3nico, n\u00famero de identificaci\u00f3n fiscal:<\/strong> se solicitar\u00e1 esta informaci\u00f3n al momento del pago del servicio, ello a los fines de procesar todo lo relacionado con el cliente.<\/li>\n<li><strong>Name, phone number, and email for newsletters:<\/strong> With the user\u2019s explicit and voluntary consent, the website will collect the necessary minimum data to send an automated newsletter containing advertising, promotions, and information about the services or products offered by BARBARA MEO EVOLI.<\/li>\n<li><strong>Correo electr\u00f3nico:<\/strong> se solicitar\u00e1 el correo electr\u00f3nico para poder acceder al \u00e1rea de cliente, de acuerdo a los datos suministrados al momento de crear la cuenta.<\/li>\n<\/ul>\n<p> <\/p>\n<p>Si el usuario tiene menos de 16 a\u00f1os, deber\u00e1 tener la autorizaci\u00f3n de sus padres o tutores legales para entregar sus datos personales. BARBARA MEO EVOLI no tiene manera de comprobar efectivamente la edad de los usuarios, por lo que queda eximida de cualquier responsabilidad, si el usuario no cumple con lo aqu\u00ed indicado. <\/p>\n<p>BARBARA MEO EVOLI en todo momento velar\u00e1 porque el uso que se le da al sitio web, a los contenidos, y al tratamiento de los datos personales del usuario, se realicen de la forma m\u00e1s correcta. Para ello, el usuario siempre podr\u00e1 ejercer sus derechos de acceso, rectificaci\u00f3n, cancelaci\u00f3n, portabilidad, olvido u oposici\u00f3n, todo ello en fiel cumplimiento de las directrices de las leyes que rigen la materia, escribiendo a barbara.meoevoli@gmail.com. <\/p>\n<p>En ning\u00fan momento BARBARA MEO EVOLI compartir\u00e1 con terceros los datos que posee. En caso de hacerlo para cumplir con los servicios contratados por alg\u00fan participante, enviar la newsletter, cumplir con exigencias legales o para la administraci\u00f3n del sitio web, se proporcionar\u00e1n los debidos acuerdos de confidencialidad entre las partes. <\/p>\n<p>Los enlaces a terceros que se puedan encontrar en el sitio web poseen pol\u00edticas de privacidad ajenas a BARBARA MEO EVOLI. El acceso a estos sitios deber\u00e1 ser responsabilidad del usuario, siendo su responsabilidad conocerlas y su decisi\u00f3n aceptarlas o no. <\/p>\n<p><strong>FORMULARIOS<\/strong><\/p>\n<p>The website offers four types of forms:<\/p>\n<ol>\n<li><strong>De contacto:<\/strong> el usuario, cliente o participante podr\u00e1 encontrar formularios que facilitar\u00e1n la comunicaci\u00f3n con BARBARA MEO EVOLI para plantear dudas, comentarios, solicitar un presupuesto, reservar alguno de los servicios ofrecidos en el sitio web o exigir alg\u00fan derecho que tenga. No suministrar los datos personales m\u00ednimos necesarios imposibilitar\u00e1 a BARBARA MEO EVOLI responder a la petici\u00f3n. Este tratamiento se considerar\u00e1 leg\u00edtimo por ser parte de una diligencia pre-contractual. El servidor del sitio web y del correo electr\u00f3nico de BARBARA MEO EVOLI ser\u00e1n los encargados del tratamiento.  <\/li>\n<li><strong>De publicidad:<\/strong> se solicitar\u00e1 a los usuarios, compradores o participantes su consentimiento expreso y voluntario para entregar a BARBARA MEO EVOLI, los m\u00ednimos datos necesarios para enviar publicidad e informaci\u00f3n comercial relacionada con los servicios y\/o productos ofrecidos por BARBARA MEO EVOLI, para que se agregue a un fichero automatizado de email marketing gestionado por el encargado del tratamiento que se indica m\u00e1s abajo. El tratamiento de los datos personales que se encuentren en esta secci\u00f3n, se ha hecho con el consentimiento del titular de los datos. <\/li>\n<li><strong>Para comentarios en el blog<\/strong>: en aras de evitar el spam, mensajes inadecuados, y hacer un correcto seguimiento, se solicitar\u00e1 al usuario su nombre, email y sitio web para identificarlo en los comentarios que desee realizar en las entradas del blog. Estos datos ser\u00e1n visibles para otros usuarios del sitio web. Si no desea que los datos sean visibles por otras personas, deber\u00e1 comunicarse con BARBARA MEO EVOLI a barbara.meoevoli@gmail.com. El servidor del sitio web ser\u00e1 el encargado del tratamiento y que se realizar\u00e1 con el consentimiento del titular de los datos.  <\/li>\n<li><strong>Para procesar la solicitud del servicio: <\/strong> se solicitar\u00e1 a los usuarios, clientes o participantes sus datos para que BARBARA MEO EVOLI pueda procesar los servicios solicitados por el cliente. Tratamiento leg\u00edtimo de datos personales por la relaci\u00f3n contractual que existe con el cliente o participante. Los datos ser\u00e1n guardados en el servidor del sitio web.  <\/li>\n<\/ol>\n<p><strong>ENCARGADOS DEL TRATAMIENTO<\/strong><\/p>\n<p>BARBARA MEO EVOLI necesita el apoyo de terceros para ofrecer adecuadamente sus servicios y productos, con los cuales celebra los debidos acuerdos de confidencialidad y verifica el cumplimiento de las normativas sobre protecci\u00f3n de datos personales. Los datos suministrados a estos terceros no podr\u00e1n ser utilizados para otros fines no autorizados por el titular de los datos. En cumplimiento de los principios de informaci\u00f3n y transparencia, se hace saber que estos terceros son:   <\/p>\n<ul>\n<li><strong>Google Analytics:<\/strong> Servicio de an\u00e1lisis web, para ver las estad\u00edsticas del uso del sitio web, a cargo de la empresa Google LLC, ubicada en Mountain View, California, Estados Unidos de Am\u00e9rica. Han adoptado cl\u00e1usulas tipo de procesamiento de datos aprobadas por la Comisi\u00f3n Europea que pueden ser consultadas en: https:\/\/cloud.google.com\/security\/gdpr\/resource-center. Si desea obtener m\u00e1s informaci\u00f3n sobre su pol\u00edtica de privacidad puede consultar: <a href=\"https:\/\/policies.google.com\/privacy\">https:\/\/policies.google.com\/privacy.<\/a>  <\/li>\n<li><strong>Webnode<\/strong> es un producto\/servicio online, propiedad de \u201cWebnode AG\u201d, compa\u00f1\u00eda con sede en Gartenstrasse 3, 6304, Zug, Switzerland.<\/li>\n<li><strong>Calendly<\/strong>: Herramienta utilizada para agendar reuniones, la empresa se encuentra ubicada en 1315 Peachtree St NE, Atlanta, GA 30309, pueden ser contactados a trav\u00e9s del correo electr\u00f3nico support@calendly.com. Cuenta con la suscripci\u00f3n del Escudo de la privacidad entre la UE-EE.UU. y Escudo de la privacidad entre Suiza \u2013 EE.UU., que puede consultar en https:\/\/calendly.com\/pages\/privacy y su pol\u00edtica de privacidad puede observarse en <a href=\"https:\/\/calendly.com\/pages\/privacy\">https:\/\/calendly.com\/pages\/privacy<\/a> <\/li>\n<li><strong>Zoom<\/strong>: herramienta utilizada para videoconferencias. Este servicio est\u00e1 a cargo de la empresa Zoom Video Communications, Inc., ubicada en San Jose, California, Estados Unidos de Am\u00e9rica, cuenta con la suscripci\u00f3n del Escudo de la privacidad entre la UE-EE.UU. que puede ser consultado en https:\/\/www.privacyshield.gov\/participant?id=a2zt0000000TNkCAAW&amp;status=Active. Si desea obtener m\u00e1s informaci\u00f3n sobre su pol\u00edtica de privacidad puede consultar: <a href=\"https:\/\/zoom.us\/privacy\">https:\/\/zoom.us\/privacy<\/a> <\/li>\n<li><strong>WhatsApp<\/strong>: Herramienta utilizada para la comunicaci\u00f3n con los usuarios, compradores, clientes y participantes a trav\u00e9s de la empresa WhatsApp Ireland Limited (para los que se encuentran ubicados en Europa), puede contactarse a trav\u00e9s del enlacehttps:\/\/www.whatsapp.com\/contact\/?subject=messenger y su pol\u00edtica de privacidad puede observarse en <a href=\"https:\/\/www.whatsapp.com\/legal?eea=1#privacy-policy\">https:\/\/www.whatsapp.com\/legal?eea=1#privacy-policy<\/a> <\/li>\n<li><strong>Google Drive<\/strong>: herramienta dedicada a almacenar en la nube una copia de seguridad de los archivos y acceder a ellos f\u00e1cilmente. Este servicio est\u00e1 a cargo de la empresa Google LLC, ubicada en Mountain View, California, Estados Unidos de Am\u00e9rica. Han adoptado cl\u00e1usulas tipo de procesamiento de datos aprobadas por la Comisi\u00f3n Europea que pueden ser consultadas en: https:\/\/cloud.google.com\/security\/gdpr\/resource-center. Si desea obtener m\u00e1s informaci\u00f3n sobre su pol\u00edtica de privacidad puede consultar: <a href=\"https:\/\/policies.google.com\/privacy\">https:\/\/policies.google.com\/privacy<\/a> <\/li>\n<li><strong>MailerLite:<\/strong> utilizada para automatizar los boletines de informaci\u00f3n comercial y enviar al correo electr\u00f3nico del titular de los datos, publicidad de los productos y\/o servicios ofrecidos en el sitio web. Ubicada en la ciudad de Vilna, Lituania. Para mayor informaci\u00f3n visite: <a href=\"https:\/\/www.mailerlite.com\/es\/politica-de-privacidad\">https:\/\/www.mailerlite.com\/es\/politica-de-privacidad<\/a> <\/li>\n<\/ul>\n<p>En casos puntales BARBARA MEO EVOLI podr\u00e1 utilizar aplicaciones o herramientas que no hayan sido incluidas o nombradas en este listado, lo anterior por ser una mejor opci\u00f3n que coadyuve a la realizaci\u00f3n de una determinada tarea; si esto sucediera BARBARA MEO EVOLI notificar\u00e1 de esta situaci\u00f3n a sus usuarios, clientes o participantes seg\u00fan fuere el caso. <\/p>\n<p><strong>POL\u00cdTICAS RELACIONADAS CON LA NEWSLETTER<\/strong><\/p>\n<p>Estas pol\u00edticas se entender\u00e1n en todo momento como parte complementaria de los t\u00e9rminos y condiciones expuestos en el sitio web, siendo ambos de igual aplicaci\u00f3n al momento de una controversia. La pol\u00edtica de privacidad y de propiedad intelectual aplicada ser\u00e1 la misma que se expone en los t\u00e9rminos y condiciones del sitio web. Se entender\u00e1 como \u201cnewsletter\u201d al bolet\u00edn digital que BARBARA MEO EVOLI realiza de forma peri\u00f3dica y que hace llegar a sus suscriptores a trav\u00e9s de un proveedor de servicios de correo electr\u00f3nico externo, al cual el usuario se ha suscrito de manera voluntaria. BARBARA MEO EVOLI no est\u00e1 en la obligaci\u00f3n de enviar en per\u00edodos de tiempo definidos la newsletter, por lo que es totalmente libre de hacerlo cuando lo estime conveniente. El usuario podr\u00e1 en todo momento ejercer sus derechos de acceso, rectificaci\u00f3n, cancelaci\u00f3n u oposici\u00f3n siguiendo las instrucciones que encontrar\u00e1 en el pie de p\u00e1gina de la newsletter.  <\/p>\n<p>El usuario no deber\u00e1 compartir su contenido con terceros, ya que esto violar\u00eda los derechos de autor de BARBARA MEO EVOLI. El \u00fanico canal de distribuci\u00f3n posible es el administrado y\/o autorizado por BARBARA MEO EVOLI. BARBARA MEO EVOLI no se har\u00e1 responsable por el contenido de terceros expuesto en la newsletter, cualquier controversia que surja deber\u00e1 ser tratada directamente con la persona o empresa de la cual se hace menci\u00f3n. Todo el material que se expone en la newsletter est\u00e1 protegido por derechos de autor a favor de BARBARA MEO EVOLI, y en el caso de pertenecer a terceros, se entender\u00e1 que BARBARA MEO EVOLI tiene la debida autorizaci\u00f3n para utilizarlo como se haya convenido con el autor. <\/p>\n<p><strong>DURACI\u00d3N DEL TRATAMIENTO<\/strong><\/p>\n<ul>\n<li>En el caso de los datos personales suministrados para facturaci\u00f3n y compra de productos o servicios, ser\u00e1n guardados por el tiempo legalmente aplicable.<\/li>\n<li>En el caso de los datos personales suministrados para boletines comerciales electr\u00f3nicos y comentarios en el blog, ser\u00e1 por el tiempo que el titular de los datos desee permanecer en la lista de suscripci\u00f3n, por lo que podr\u00e1 darse de baja en el momento que as\u00ed lo desee, de forma autom\u00e1tica como se indica en cada bolet\u00edn, o escribiendo a barbara.meoevoli@gmail.com.<\/li>\n<\/ul>\n<p><strong>\u00daltima actualizaci\u00f3n:<\/strong> December 6, 2024<\/p>\n<\/div>\n<\/div>\n<\/div>\n<\/div>\n<\/div>\n<\/section>\n<\/div>\n<\/div>\n<\/div>\n<\/div>\n<\/div>\n<\/section>\n\t\t\t\t\t\t\t\t<\/div>\n\t\t\t\t\t<\/div>\n\t\t<\/div>\n\t\t\t\t\t<\/div>\n\t\t<\/section>\n\t\t\t\t<\/div>\n\t\t","protected":false},"excerpt":{"rendered":"<p>Responsable de los datos personales: Barbara Meo Evoli, NIE Y5729857L con domicilio (para m\u00e1s detalles sobre la direcci\u00f3n, por favor escribir a barbara.meoevoli@gmail.com, se expone de forma parcial la direcci\u00f3n del titular del sitio web por motivos de seguridad personal) en lo adelante BARBARA MEO EVOLI, y cuyo correo electr\u00f3nico de contacto es barbara.meoevoli@gmail.com Datos [&hellip;]<\/p>\n","protected":false},"author":1,"featured_media":0,"parent":0,"menu_order":0,"comment_status":"closed","ping_status":"open","template":"","meta":{"footnotes":""},"class_list":["post-12856","page","type-page","status-publish","hentry"],"yoast_head":"<!-- This site is optimized with the Yoast SEO plugin v27.5 - https:\/\/yoast.com\/product\/yoast-seo-wordpress\/ -->\n<title>Pol\u00edtica de privacidad - Barbara Meo-Evoli<\/title>\n<meta name=\"description\" content=\"Responsable de los datos personales: Barbara Meo Evoli, NIE Y5729857L con domicilio (para m\u00e1s detalles sobre la direcci\u00f3n, por favor escribir a\" \/>\n<meta name=\"robots\" content=\"index, follow, max-snippet:-1, max-image-preview:large, max-video-preview:-1\" \/>\n<link rel=\"canonical\" href=\"https:\/\/www.barbarameoevoli.com\/es\/politica-de-privacidad\/\" \/>\n<meta property=\"og:locale\" content=\"es_ES\" \/>\n<meta property=\"og:type\" content=\"article\" \/>\n<meta property=\"og:title\" content=\"Pol\u00edtica de privacidad - Barbara Meo-Evoli\" \/>\n<meta property=\"og:description\" content=\"Responsable de los datos personales: Barbara Meo Evoli, NIE Y5729857L con domicilio (para m\u00e1s detalles sobre la direcci\u00f3n, por favor escribir a\" \/>\n<meta property=\"og:url\" content=\"https:\/\/www.barbarameoevoli.com\/es\/politica-de-privacidad\/\" \/>\n<meta property=\"og:site_name\" content=\"Barbara Meo-Evoli\" \/>\n<meta property=\"article:modified_time\" content=\"2025-12-11T12:53:58+00:00\" \/>\n<meta property=\"og:image\" content=\"https:\/\/www.barbarameoevoli.com\/wp-content\/uploads\/2024\/10\/LOGO-BME-ROJO.png\" \/>\n\t<meta property=\"og:image:width\" content=\"289\" \/>\n\t<meta property=\"og:image:height\" content=\"400\" \/>\n\t<meta property=\"og:image:type\" content=\"image\/png\" \/>\n<meta name=\"twitter:card\" content=\"summary_large_image\" \/>\n<meta name=\"twitter:label1\" content=\"Est. reading time\" \/>\n\t<meta name=\"twitter:data1\" content=\"9 minutes\" \/>\n<script type=\"application\/ld+json\" class=\"yoast-schema-graph\">{\"@context\":\"https:\\\/\\\/schema.org\",\"@graph\":[{\"@type\":\"WebPage\",\"@id\":\"https:\\\/\\\/www.barbarameoevoli.com\\\/es\\\/politica-de-privacidad\\\/\",\"url\":\"https:\\\/\\\/www.barbarameoevoli.com\\\/es\\\/politica-de-privacidad\\\/\",\"name\":\"Pol\u00edtica de privacidad - Barbara Meo-Evoli\",\"isPartOf\":{\"@id\":\"https:\\\/\\\/www.barbarameoevoli.com\\\/#website\"},\"datePublished\":\"2023-07-06T08:58:56+00:00\",\"dateModified\":\"2025-12-11T12:53:58+00:00\",\"description\":\"Responsable de los datos personales: Barbara Meo Evoli, NIE Y5729857L con domicilio (para m\u00e1s detalles sobre la direcci\u00f3n, por favor escribir a\",\"breadcrumb\":{\"@id\":\"https:\\\/\\\/www.barbarameoevoli.com\\\/es\\\/politica-de-privacidad\\\/#breadcrumb\"},\"inLanguage\":\"es-ES\",\"potentialAction\":[{\"@type\":\"ReadAction\",\"target\":[\"https:\\\/\\\/www.barbarameoevoli.com\\\/es\\\/politica-de-privacidad\\\/\"]}]},{\"@type\":\"BreadcrumbList\",\"@id\":\"https:\\\/\\\/www.barbarameoevoli.com\\\/es\\\/politica-de-privacidad\\\/#breadcrumb\",\"itemListElement\":[{\"@type\":\"ListItem\",\"position\":1,\"name\":\"Home\",\"item\":\"https:\\\/\\\/www.barbarameoevoli.com\\\/\"},{\"@type\":\"ListItem\",\"position\":2,\"name\":\"Pol\u00edtica de privacidad\"}]},{\"@type\":\"WebSite\",\"@id\":\"https:\\\/\\\/www.barbarameoevoli.com\\\/#website\",\"url\":\"https:\\\/\\\/www.barbarameoevoli.com\\\/\",\"name\":\"Barbara Meo-Evoli\",\"description\":\"Barbara Meo-Evoli\",\"publisher\":{\"@id\":\"https:\\\/\\\/www.barbarameoevoli.com\\\/#organization\"},\"potentialAction\":[{\"@type\":\"SearchAction\",\"target\":{\"@type\":\"EntryPoint\",\"urlTemplate\":\"https:\\\/\\\/www.barbarameoevoli.com\\\/?s={search_term_string}\"},\"query-input\":{\"@type\":\"PropertyValueSpecification\",\"valueRequired\":true,\"valueName\":\"search_term_string\"}}],\"inLanguage\":\"es-ES\"},{\"@type\":\"Organization\",\"@id\":\"https:\\\/\\\/www.barbarameoevoli.com\\\/#organization\",\"name\":\"Barbara Meo-Evoli\",\"url\":\"https:\\\/\\\/www.barbarameoevoli.com\\\/\",\"logo\":{\"@type\":\"ImageObject\",\"inLanguage\":\"es-ES\",\"@id\":\"https:\\\/\\\/www.barbarameoevoli.com\\\/#\\\/schema\\\/logo\\\/image\\\/\",\"url\":\"https:\\\/\\\/www.barbarameoevoli.com\\\/wp-content\\\/uploads\\\/2024\\\/10\\\/cropped-LOGO-BME-ROJO-SOLO.png\",\"contentUrl\":\"https:\\\/\\\/www.barbarameoevoli.com\\\/wp-content\\\/uploads\\\/2024\\\/10\\\/cropped-LOGO-BME-ROJO-SOLO.png\",\"width\":273,\"height\":273,\"caption\":\"Barbara Meo-Evoli\"},\"image\":{\"@id\":\"https:\\\/\\\/www.barbarameoevoli.com\\\/#\\\/schema\\\/logo\\\/image\\\/\"}}]}<\/script>\n<!-- \/ Yoast SEO plugin. -->","yoast_head_json":{"title":"Pol\u00edtica de privacidad - Barbara Meo-Evoli","description":"Responsable de los datos personales: Barbara Meo Evoli, NIE Y5729857L con domicilio (para m\u00e1s detalles sobre la direcci\u00f3n, por favor escribir a","robots":{"index":"index","follow":"follow","max-snippet":"max-snippet:-1","max-image-preview":"max-image-preview:large","max-video-preview":"max-video-preview:-1"},"canonical":"https:\/\/www.barbarameoevoli.com\/es\/politica-de-privacidad\/","og_locale":"es_ES","og_type":"article","og_title":"Pol\u00edtica de privacidad - Barbara Meo-Evoli","og_description":"Responsable de los datos personales: Barbara Meo Evoli, NIE Y5729857L con domicilio (para m\u00e1s detalles sobre la direcci\u00f3n, por favor escribir a","og_url":"https:\/\/www.barbarameoevoli.com\/es\/politica-de-privacidad\/","og_site_name":"Barbara Meo-Evoli","article_modified_time":"2025-12-11T12:53:58+00:00","og_image":[{"width":289,"height":400,"url":"https:\/\/www.barbarameoevoli.com\/wp-content\/uploads\/2024\/10\/LOGO-BME-ROJO.png","type":"image\/png"}],"twitter_card":"summary_large_image","twitter_misc":{"Est. reading time":"9 minutes"},"schema":{"@context":"https:\/\/schema.org","@graph":[{"@type":"WebPage","@id":"https:\/\/www.barbarameoevoli.com\/es\/politica-de-privacidad\/","url":"https:\/\/www.barbarameoevoli.com\/es\/politica-de-privacidad\/","name":"Pol\u00edtica de privacidad - Barbara Meo-Evoli","isPartOf":{"@id":"https:\/\/www.barbarameoevoli.com\/#website"},"datePublished":"2023-07-06T08:58:56+00:00","dateModified":"2025-12-11T12:53:58+00:00","description":"Responsable de los datos personales: Barbara Meo Evoli, NIE Y5729857L con domicilio (para m\u00e1s detalles sobre la direcci\u00f3n, por favor escribir a","breadcrumb":{"@id":"https:\/\/www.barbarameoevoli.com\/es\/politica-de-privacidad\/#breadcrumb"},"inLanguage":"es-ES","potentialAction":[{"@type":"ReadAction","target":["https:\/\/www.barbarameoevoli.com\/es\/politica-de-privacidad\/"]}]},{"@type":"BreadcrumbList","@id":"https:\/\/www.barbarameoevoli.com\/es\/politica-de-privacidad\/#breadcrumb","itemListElement":[{"@type":"ListItem","position":1,"name":"Home","item":"https:\/\/www.barbarameoevoli.com\/"},{"@type":"ListItem","position":2,"name":"Pol\u00edtica de privacidad"}]},{"@type":"WebSite","@id":"https:\/\/www.barbarameoevoli.com\/#website","url":"https:\/\/www.barbarameoevoli.com\/","name":"Barbara Meo-Evoli","description":"Barbara Meo-Evoli","publisher":{"@id":"https:\/\/www.barbarameoevoli.com\/#organization"},"potentialAction":[{"@type":"SearchAction","target":{"@type":"EntryPoint","urlTemplate":"https:\/\/www.barbarameoevoli.com\/?s={search_term_string}"},"query-input":{"@type":"PropertyValueSpecification","valueRequired":true,"valueName":"search_term_string"}}],"inLanguage":"es-ES"},{"@type":"Organization","@id":"https:\/\/www.barbarameoevoli.com\/#organization","name":"Barbara Meo-Evoli","url":"https:\/\/www.barbarameoevoli.com\/","logo":{"@type":"ImageObject","inLanguage":"es-ES","@id":"https:\/\/www.barbarameoevoli.com\/#\/schema\/logo\/image\/","url":"https:\/\/www.barbarameoevoli.com\/wp-content\/uploads\/2024\/10\/cropped-LOGO-BME-ROJO-SOLO.png","contentUrl":"https:\/\/www.barbarameoevoli.com\/wp-content\/uploads\/2024\/10\/cropped-LOGO-BME-ROJO-SOLO.png","width":273,"height":273,"caption":"Barbara Meo-Evoli"},"image":{"@id":"https:\/\/www.barbarameoevoli.com\/#\/schema\/logo\/image\/"}}]}},"_links":{"self":[{"href":"https:\/\/www.barbarameoevoli.com\/es\/wp-json\/wp\/v2\/pages\/12856","targetHints":{"allow":["GET"]}}],"collection":[{"href":"https:\/\/www.barbarameoevoli.com\/es\/wp-json\/wp\/v2\/pages"}],"about":[{"href":"https:\/\/www.barbarameoevoli.com\/es\/wp-json\/wp\/v2\/types\/page"}],"author":[{"embeddable":true,"href":"https:\/\/www.barbarameoevoli.com\/es\/wp-json\/wp\/v2\/users\/1"}],"replies":[{"embeddable":true,"href":"https:\/\/www.barbarameoevoli.com\/es\/wp-json\/wp\/v2\/comments?post=12856"}],"version-history":[{"count":2,"href":"https:\/\/www.barbarameoevoli.com\/es\/wp-json\/wp\/v2\/pages\/12856\/revisions"}],"predecessor-version":[{"id":15584,"href":"https:\/\/www.barbarameoevoli.com\/es\/wp-json\/wp\/v2\/pages\/12856\/revisions\/15584"}],"wp:attachment":[{"href":"https:\/\/www.barbarameoevoli.com\/es\/wp-json\/wp\/v2\/media?parent=12856"}],"curies":[{"name":"wp","href":"https:\/\/api.w.org\/{rel}","templated":true}]}}