{"id":12816,"date":"2024-10-30T11:35:48","date_gmt":"2024-10-30T10:35:48","guid":{"rendered":"http:\/\/www.barbarameoevoli.com.mialias.net\/cookies\/"},"modified":"2025-12-11T13:49:56","modified_gmt":"2025-12-11T12:49:56","slug":"cookies","status":"publish","type":"page","link":"https:\/\/www.barbarameoevoli.com\/es\/cookies\/","title":{"rendered":"Cookies"},"content":{"rendered":"\t\t<div data-elementor-type=\"wp-page\" data-elementor-id=\"12816\" class=\"elementor elementor-12816 elementor-8521\" data-elementor-post-type=\"page\">\n\t\t\t\t\t\t<section class=\"elementor-section elementor-top-section elementor-element elementor-element-43c74d30 elementor-section-boxed elementor-section-height-default elementor-section-height-default\" data-id=\"43c74d30\" data-element_type=\"section\" data-e-type=\"section\">\n\t\t\t\t\t\t<div class=\"elementor-container elementor-column-gap-default\">\n\t\t\t\t\t<div class=\"elementor-column elementor-col-100 elementor-top-column elementor-element elementor-element-774dcff8\" data-id=\"774dcff8\" data-element_type=\"column\" data-e-type=\"column\">\n\t\t\t<div class=\"elementor-widget-wrap elementor-element-populated\">\n\t\t\t\t\t\t<div class=\"elementor-element elementor-element-0284d36 elementor-widget elementor-widget-heading\" data-id=\"0284d36\" data-element_type=\"widget\" data-e-type=\"widget\" data-widget_type=\"heading.default\">\n\t\t\t\t\t<h1 class=\"elementor-heading-title elementor-size-default\">Cookies<\/h1>\t\t\t\t<\/div>\n\t\t\t\t<div class=\"elementor-element elementor-element-1b673553 elementor-widget elementor-widget-text-editor\" data-id=\"1b673553\" data-element_type=\"widget\" data-e-type=\"widget\" data-widget_type=\"text-editor.default\">\n\t\t\t\t\t\t\t\t\t<section class=\"elementor-section elementor-top-section elementor-element elementor-element-36ae433 elementor-section-boxed elementor-section-height-default elementor-section-height-default\" data-id=\"36ae433\" data-element_type=\"section\">\n<div class=\"elementor-container elementor-column-gap-default\">\n<div class=\"elementor-column elementor-col-100 elementor-top-column elementor-element elementor-element-bc75d2f\" data-id=\"bc75d2f\" data-element_type=\"column\">\n<div class=\"elementor-widget-wrap elementor-element-populated\">\n<div class=\"elementor-element elementor-element-96b9250 elementor-widget elementor-widget-theme-page-title elementor-page-title elementor-widget-heading\" data-id=\"96b9250\" data-element_type=\"widget\" data-widget_type=\"theme-page-title.default\">\n<div class=\"elementor-widget-container\">\n<section class=\"elementor-section elementor-top-section elementor-element elementor-element-36ae433 elementor-section-boxed elementor-section-height-default elementor-section-height-default\" data-id=\"36ae433\" data-element_type=\"section\">\n<div class=\"elementor-container elementor-column-gap-default\">\n<div class=\"elementor-column elementor-col-100 elementor-top-column elementor-element elementor-element-bc75d2f\" data-id=\"bc75d2f\" data-element_type=\"column\">\n<div class=\"elementor-widget-wrap elementor-element-populated\">\n<div class=\"elementor-element elementor-element-96b9250 elementor-widget elementor-widget-theme-page-title elementor-page-title elementor-widget-heading\" data-id=\"96b9250\" data-element_type=\"widget\" data-widget_type=\"theme-page-title.default\">\n<div class=\"elementor-widget-container\">\n<p>Esta Pol\u00edtica de cookies fue actualizada por \u00faltima vez el 06\/09\/2022 y se aplica a los ciudadanos y residentes legales permanentes del Espacio Econ\u00f3mico Europeo y Suiza.<\/p>\n<ol>\n<li><strong> Introducci\u00f3n<\/strong><\/li>\n<\/ol>\n<p>Nuestro sitio web, <a href=\"www.barbarameoevoli.com\">www.barbarameoevoli.com<\/a> (en adelante, &#8220;el sitio web&#8221;), utiliza cookies y otras tecnolog\u00edas relacionadas (para simplificar, todas las tecnolog\u00edas se denominan &#8220;cookies&#8221;). Las cookies tambi\u00e9n son colocadas por terceros con los que colaboramos. En este documento le informamos sobre el uso de cookies en nuestro sitio web.<\/p>\n<ol start=\"2\">\n<li><strong> \u00bfQu\u00e9 son las cookies?<\/strong><\/li>\n<\/ol>\n<p>A cookie is a small file that is sent along with pages of this website and stored by your browser on your computer or device&#8217;s hard drive. The stored information may be returned to our servers or the servers of relevant third parties during a subsequent visit. <\/p>\n<ol start=\"3\">\n<li><strong> \u00bfQu\u00e9 son los scripts?<\/strong><\/li>\n<\/ol>\n<p>A script is a piece of program code used to make our website function properly and interactively. This code is executed on our server or your device. <\/p>\n<ol start=\"4\">\n<li><strong> \u00bfQu\u00e9 es un web beacon?<\/strong><\/li>\n<\/ol>\n<p>A web beacon (or a pixel tag) is a small, invisible piece of text or image on a website that is used to monitor website traffic. Various data about you are stored using web beacons. <\/p>\n<ol start=\"5\">\n<li><strong> Cookies<\/strong><\/li>\n<\/ol>\n<p><strong>5.1 Cookies t\u00e9cnicas o funcionales<\/strong><\/p>\n<p>Some cookies ensure that certain parts of the website function properly and that your user preferences remain remembered. By placing functional cookies, we make it easier for you to visit our website. For example, you don\u2019t have to repeatedly enter the same information when visiting our site, and items remain in your shopping cart until you\u2019ve paid. We may place these cookies without your consent.   <\/p>\n<p><strong>5.2 Cookies de estad\u00edsticas<\/strong><\/p>\n<p>We use statistical cookies to optimize the user experience on our website. With these cookies, we obtain insights into the usage of our website. We ask for your permission to place statistical cookies.  <\/p>\n<p><strong>5.3 Cookies publicitarias<\/strong><\/p>\n<p>We use advertising cookies on this website to gain insights into campaign performance. This is done based on a profile we create using your behavior on <g id=\"gid_0\">www.barbarameoevoli.com<\/g>. These cookies link you as a visitor to a unique ID but do not create a profile of your behavior or interests to show personalized ads.  <\/p>\n<p><strong>5.4 Cookies de Marketing\/Seguimiento<\/strong><\/p>\n<p>Las cookies de marketing\/seguimiento son cookies, o cualquier otra forma de almacenamiento local, usadas para crear perfiles de usuario para mostrar publicidad o para hacer el seguimiento del usuario en esta web o en varias webs con fines de marketing similares. <\/p>\n<p><strong>5.5 Redes sociales<\/strong><\/p>\n<p>En nuestra web hemos incluido contenido de Facebook, LinkedIn, WhatsApp y Instagram para promover p\u00e1ginas web (p.ej.: \u00abMe gusta\u00bb, \u00abPinear\u00bb) o compartir (p.ej.: \u00abtuitear\u00bb) en redes sociales como Facebook, LinkedIn, WhatsApp y Instagram. Este contenido est\u00e1 incrustado con c\u00f3digo derivado de Facebook, LinkedIn, WhatsApp y Instagram y guarda cookies. Este contenido podr\u00eda procesar cierta informaci\u00f3n para anuncios personalizados.  <\/p>\n<p>Por favor lea la pol\u00edtica de privacidad de estas redes sociales (que puede cambiar frecuentemente) para saber que hacen con sus datos (personales) que procesan usando estas cookies. Los datos que reciben son anonimizados lo m\u00e1ximo posible. Facebook, LinkedIn, WhatsApp y Instagram est\u00e1n ubicados en los Estados Unidos.  <\/p>\n<ol start=\"6\">\n<li><strong> Cookies usadas<\/strong><\/li>\n<\/ol>\n<p>El sitio web utiliza cookies de las siguientes fuentes y con los siguientes prop\u00f3sitos:<\/p>\n<ul>\n<li><strong>WooCommerce<\/strong>: Funcional<\/li>\n<li><strong>WordFence<\/strong>: Funcional<\/li>\n<li><strong>WP-Optimize<\/strong>: Prop\u00f3sito pendiente de investigaci\u00f3n<\/li>\n<li><strong>WordPress<\/strong>: Funcional<\/li>\n<li><strong>Complianz<\/strong>: Funcional<\/li>\n<li><strong>Google Analytics<\/strong>: Estad\u00edsticas (an\u00f3nimas)<\/li>\n<li><strong>Stripe<\/strong>: Funcional<\/li>\n<li><strong>Pure<\/strong>: Funcional<\/li>\n<li><strong>Automattic<\/strong>: Estad\u00edsticas<\/li>\n<li><strong>Litespeed<\/strong>: Funcional<\/li>\n<li><strong>Google Fonts<\/strong>: Marketing\/Tracking<\/li>\n<li><strong>Google reCAPTCHA<\/strong>: Marketing\/Tracking<\/li>\n<li><strong>Vimeo<\/strong>: Estad\u00edsticas<\/li>\n<li><strong>YouTube<\/strong>: Marketing\/Seguimiento, Funcional, Estad\u00edsticas<\/li>\n<li><strong>Calendly<\/strong>: Funcional<\/li>\n<li><strong>Facebook<\/strong>: Marketing\/Seguimiento, Funcional<\/li>\n<li><strong>LinkedIn<\/strong>: Marketing\/Seguimiento, Funcional<\/li>\n<li><strong>Instagram<\/strong>: Prop\u00f3sito pendiente de investigaci\u00f3n<\/li>\n<li><strong>Miscellaneous<\/strong>: Purpose pending investigation<\/li>\n<\/ul>\n<ol start=\"7\">\n<li><strong> Consentimiento<\/strong><\/li>\n<\/ol>\n<p><strong>7.1 Gestiona tus ajustes de consentimiento<\/strong><\/p>\n<ul>\n<li><strong>Functional<\/strong>: Always active<\/li>\n<li><strong>Statistics<\/strong>: Used exclusively for anonymous statistical purposes.<\/li>\n<li><strong>Marketing<\/strong>: Necessary for creating user profiles and tracking.<\/li>\n<\/ul>\n<ol start=\"8\">\n<li><strong> Habilitar\/deshabilitar y eliminar cookies.<\/strong><\/li>\n<\/ol>\n<p>Puedes utilizar tu navegador de Internet para eliminar las cookies de forma autom\u00e1tica o manual. Tambi\u00e9n puedes especificar que ciertas cookies no pueden ser colocadas. Otra opci\u00f3n es cambiar los ajustes de tu navegador de Internet para que recibas un mensaje cada vez que se coloca una cookie. Para obtener m\u00e1s informaci\u00f3n sobre estas opciones, consulta las instrucciones de la secci\u00f3n \u00abAyuda\u00bb de tu navegador.   <\/p>\n<ol start=\"9\">\n<li><strong> Tus derechos con respecto a los datos personales<\/strong><\/li>\n<\/ol>\n<p>Tienes los siguientes derechos con respecto a tus datos personales:<\/p>\n<ul>\n<li>Tiene derecho a saber por qu\u00e9 se necesitan tus datos personales, qu\u00e9 suceder\u00e1 con ellos y durante cu\u00e1nto tiempo se conservar\u00e1n.<\/li>\n<li>Derecho de acceso: tienes derecho a acceder a tus datos personales que conocemos.<\/li>\n<li>Derecho de rectificaci\u00f3n: tienes derecho a completar, rectificar, borrar o bloquear tus datos personales cuando lo desees.<\/li>\n<li>Si nos das tu consentimiento para procesar tus datos, tienes derecho a revocar dicho consentimiento y a que se eliminen tus datos personales.<\/li>\n<li>Derecho de cesi\u00f3n de tus datos: tienes derecho a solicitar todos tus datos personales al responsable del tratamiento y a transferirlos \u00edntegramente a otro responsable del tratamiento.<\/li>\n<li>Derecho de oposici\u00f3n: puedes oponerte al tratamiento de tus datos. Nosotros cumplimos con esto, a menos que existan motivos justificados para el procesamiento.<\/li>\n<\/ul>\n<ol start=\"10\">\n<li><strong> Datos de contacto<\/strong><\/li>\n<\/ol>\n<p>Para preguntas y\/o comentarios sobre nuestra pol\u00edtica de cookies y esta declaraci\u00f3n, por favor, contacta con nosotros usando los siguientes datos de contacto:<br><strong>Barbara Meo Evoli<\/strong><br>C\/ Providencia 5, 2nd, 1st, Barcelona, Spain<br><strong>Email<\/strong>: barbara.meoevoli@gmail.com<\/p>\n<p>This Cookie Policy was synchronized with <a href=\"http:\/\/www.cookiedatabase.org\">http:\/\/www.cookiedatabase.org<\/a> on 21\/05\/2021.<\/p>\n<\/div>\n<\/div>\n<\/div>\n<\/div>\n<\/div>\n<\/section>\n<\/div>\n<\/div>\n<\/div>\n<\/div>\n<\/div>\n<\/section>\n<p><\/p>\t\t\t\t\t\t\t\t<\/div>\n\t\t\t\t\t<\/div>\n\t\t<\/div>\n\t\t\t\t\t<\/div>\n\t\t<\/section>\n\t\t\t\t<\/div>\n\t\t","protected":false},"excerpt":{"rendered":"<p>Esta Pol\u00edtica de cookies fue actualizada por \u00faltima vez el 06\/09\/2022 y se aplica a los ciudadanos y residentes legales permanentes del Espacio Econ\u00f3mico Europeo y Suiza. Introducci\u00f3n Nuestro sitio web, www.barbarameoevoli.com (en adelante, &#8220;el sitio web&#8221;), utiliza cookies y otras tecnolog\u00edas relacionadas (para simplificar, todas las tecnolog\u00edas se denominan &#8220;cookies&#8221;). Las cookies tambi\u00e9n son [&hellip;]<\/p>\n","protected":false},"author":1,"featured_media":0,"parent":0,"menu_order":0,"comment_status":"closed","ping_status":"open","template":"","meta":{"footnotes":""},"class_list":["post-12816","page","type-page","status-publish","hentry"],"yoast_head":"<!-- This site is optimized with the Yoast SEO plugin v27.5 - https:\/\/yoast.com\/product\/yoast-seo-wordpress\/ -->\n<title>Cookies - Barbara Meo-Evoli<\/title>\n<meta name=\"description\" content=\"Esta Pol\u00edtica de cookies fue actualizada por \u00faltima vez el 06\/09\/2022 y se aplica a los ciudadanos y residentes legales permanentes del Espacio Econ\u00f3mico\" \/>\n<meta name=\"robots\" content=\"index, follow, max-snippet:-1, max-image-preview:large, max-video-preview:-1\" \/>\n<link rel=\"canonical\" href=\"https:\/\/www.barbarameoevoli.com\/es\/cookies\/\" \/>\n<meta property=\"og:locale\" content=\"es_ES\" \/>\n<meta property=\"og:type\" content=\"article\" \/>\n<meta property=\"og:title\" content=\"Cookies - Barbara Meo-Evoli\" \/>\n<meta property=\"og:description\" content=\"Esta Pol\u00edtica de cookies fue actualizada por \u00faltima vez el 06\/09\/2022 y se aplica a los ciudadanos y residentes legales permanentes del Espacio Econ\u00f3mico\" \/>\n<meta property=\"og:url\" content=\"https:\/\/www.barbarameoevoli.com\/es\/cookies\/\" \/>\n<meta property=\"og:site_name\" content=\"Barbara Meo-Evoli\" \/>\n<meta property=\"article:modified_time\" content=\"2025-12-11T12:49:56+00:00\" \/>\n<meta property=\"og:image\" content=\"https:\/\/www.barbarameoevoli.com\/wp-content\/uploads\/2024\/10\/LOGO-BME-ROJO.png\" \/>\n\t<meta property=\"og:image:width\" content=\"289\" \/>\n\t<meta property=\"og:image:height\" content=\"400\" \/>\n\t<meta property=\"og:image:type\" content=\"image\/png\" \/>\n<meta name=\"twitter:card\" content=\"summary_large_image\" \/>\n<meta name=\"twitter:label1\" content=\"Est. reading time\" \/>\n\t<meta name=\"twitter:data1\" content=\"5 minutes\" \/>\n<script type=\"application\/ld+json\" class=\"yoast-schema-graph\">{\"@context\":\"https:\\\/\\\/schema.org\",\"@graph\":[{\"@type\":\"WebPage\",\"@id\":\"https:\\\/\\\/www.barbarameoevoli.com\\\/es\\\/cookies\\\/\",\"url\":\"https:\\\/\\\/www.barbarameoevoli.com\\\/es\\\/cookies\\\/\",\"name\":\"Cookies - Barbara Meo-Evoli\",\"isPartOf\":{\"@id\":\"https:\\\/\\\/www.barbarameoevoli.com\\\/#website\"},\"datePublished\":\"2024-10-30T10:35:48+00:00\",\"dateModified\":\"2025-12-11T12:49:56+00:00\",\"description\":\"Esta Pol\u00edtica de cookies fue actualizada por \u00faltima vez el 06\\\/09\\\/2022 y se aplica a los ciudadanos y residentes legales permanentes del Espacio Econ\u00f3mico\",\"breadcrumb\":{\"@id\":\"https:\\\/\\\/www.barbarameoevoli.com\\\/es\\\/cookies\\\/#breadcrumb\"},\"inLanguage\":\"es-ES\",\"potentialAction\":[{\"@type\":\"ReadAction\",\"target\":[\"https:\\\/\\\/www.barbarameoevoli.com\\\/es\\\/cookies\\\/\"]}]},{\"@type\":\"BreadcrumbList\",\"@id\":\"https:\\\/\\\/www.barbarameoevoli.com\\\/es\\\/cookies\\\/#breadcrumb\",\"itemListElement\":[{\"@type\":\"ListItem\",\"position\":1,\"name\":\"Home\",\"item\":\"https:\\\/\\\/www.barbarameoevoli.com\\\/\"},{\"@type\":\"ListItem\",\"position\":2,\"name\":\"Cookies\"}]},{\"@type\":\"WebSite\",\"@id\":\"https:\\\/\\\/www.barbarameoevoli.com\\\/#website\",\"url\":\"https:\\\/\\\/www.barbarameoevoli.com\\\/\",\"name\":\"Barbara Meo-Evoli\",\"description\":\"Barbara Meo-Evoli\",\"publisher\":{\"@id\":\"https:\\\/\\\/www.barbarameoevoli.com\\\/#organization\"},\"potentialAction\":[{\"@type\":\"SearchAction\",\"target\":{\"@type\":\"EntryPoint\",\"urlTemplate\":\"https:\\\/\\\/www.barbarameoevoli.com\\\/?s={search_term_string}\"},\"query-input\":{\"@type\":\"PropertyValueSpecification\",\"valueRequired\":true,\"valueName\":\"search_term_string\"}}],\"inLanguage\":\"es-ES\"},{\"@type\":\"Organization\",\"@id\":\"https:\\\/\\\/www.barbarameoevoli.com\\\/#organization\",\"name\":\"Barbara Meo-Evoli\",\"url\":\"https:\\\/\\\/www.barbarameoevoli.com\\\/\",\"logo\":{\"@type\":\"ImageObject\",\"inLanguage\":\"es-ES\",\"@id\":\"https:\\\/\\\/www.barbarameoevoli.com\\\/#\\\/schema\\\/logo\\\/image\\\/\",\"url\":\"https:\\\/\\\/www.barbarameoevoli.com\\\/wp-content\\\/uploads\\\/2024\\\/10\\\/cropped-LOGO-BME-ROJO-SOLO.png\",\"contentUrl\":\"https:\\\/\\\/www.barbarameoevoli.com\\\/wp-content\\\/uploads\\\/2024\\\/10\\\/cropped-LOGO-BME-ROJO-SOLO.png\",\"width\":273,\"height\":273,\"caption\":\"Barbara Meo-Evoli\"},\"image\":{\"@id\":\"https:\\\/\\\/www.barbarameoevoli.com\\\/#\\\/schema\\\/logo\\\/image\\\/\"}}]}<\/script>\n<!-- \/ Yoast SEO plugin. -->","yoast_head_json":{"title":"Cookies - Barbara Meo-Evoli","description":"Esta Pol\u00edtica de cookies fue actualizada por \u00faltima vez el 06\/09\/2022 y se aplica a los ciudadanos y residentes legales permanentes del Espacio Econ\u00f3mico","robots":{"index":"index","follow":"follow","max-snippet":"max-snippet:-1","max-image-preview":"max-image-preview:large","max-video-preview":"max-video-preview:-1"},"canonical":"https:\/\/www.barbarameoevoli.com\/es\/cookies\/","og_locale":"es_ES","og_type":"article","og_title":"Cookies - Barbara Meo-Evoli","og_description":"Esta Pol\u00edtica de cookies fue actualizada por \u00faltima vez el 06\/09\/2022 y se aplica a los ciudadanos y residentes legales permanentes del Espacio Econ\u00f3mico","og_url":"https:\/\/www.barbarameoevoli.com\/es\/cookies\/","og_site_name":"Barbara Meo-Evoli","article_modified_time":"2025-12-11T12:49:56+00:00","og_image":[{"width":289,"height":400,"url":"https:\/\/www.barbarameoevoli.com\/wp-content\/uploads\/2024\/10\/LOGO-BME-ROJO.png","type":"image\/png"}],"twitter_card":"summary_large_image","twitter_misc":{"Est. reading time":"5 minutes"},"schema":{"@context":"https:\/\/schema.org","@graph":[{"@type":"WebPage","@id":"https:\/\/www.barbarameoevoli.com\/es\/cookies\/","url":"https:\/\/www.barbarameoevoli.com\/es\/cookies\/","name":"Cookies - Barbara Meo-Evoli","isPartOf":{"@id":"https:\/\/www.barbarameoevoli.com\/#website"},"datePublished":"2024-10-30T10:35:48+00:00","dateModified":"2025-12-11T12:49:56+00:00","description":"Esta Pol\u00edtica de cookies fue actualizada por \u00faltima vez el 06\/09\/2022 y se aplica a los ciudadanos y residentes legales permanentes del Espacio Econ\u00f3mico","breadcrumb":{"@id":"https:\/\/www.barbarameoevoli.com\/es\/cookies\/#breadcrumb"},"inLanguage":"es-ES","potentialAction":[{"@type":"ReadAction","target":["https:\/\/www.barbarameoevoli.com\/es\/cookies\/"]}]},{"@type":"BreadcrumbList","@id":"https:\/\/www.barbarameoevoli.com\/es\/cookies\/#breadcrumb","itemListElement":[{"@type":"ListItem","position":1,"name":"Home","item":"https:\/\/www.barbarameoevoli.com\/"},{"@type":"ListItem","position":2,"name":"Cookies"}]},{"@type":"WebSite","@id":"https:\/\/www.barbarameoevoli.com\/#website","url":"https:\/\/www.barbarameoevoli.com\/","name":"Barbara Meo-Evoli","description":"Barbara Meo-Evoli","publisher":{"@id":"https:\/\/www.barbarameoevoli.com\/#organization"},"potentialAction":[{"@type":"SearchAction","target":{"@type":"EntryPoint","urlTemplate":"https:\/\/www.barbarameoevoli.com\/?s={search_term_string}"},"query-input":{"@type":"PropertyValueSpecification","valueRequired":true,"valueName":"search_term_string"}}],"inLanguage":"es-ES"},{"@type":"Organization","@id":"https:\/\/www.barbarameoevoli.com\/#organization","name":"Barbara Meo-Evoli","url":"https:\/\/www.barbarameoevoli.com\/","logo":{"@type":"ImageObject","inLanguage":"es-ES","@id":"https:\/\/www.barbarameoevoli.com\/#\/schema\/logo\/image\/","url":"https:\/\/www.barbarameoevoli.com\/wp-content\/uploads\/2024\/10\/cropped-LOGO-BME-ROJO-SOLO.png","contentUrl":"https:\/\/www.barbarameoevoli.com\/wp-content\/uploads\/2024\/10\/cropped-LOGO-BME-ROJO-SOLO.png","width":273,"height":273,"caption":"Barbara Meo-Evoli"},"image":{"@id":"https:\/\/www.barbarameoevoli.com\/#\/schema\/logo\/image\/"}}]}},"_links":{"self":[{"href":"https:\/\/www.barbarameoevoli.com\/es\/wp-json\/wp\/v2\/pages\/12816","targetHints":{"allow":["GET"]}}],"collection":[{"href":"https:\/\/www.barbarameoevoli.com\/es\/wp-json\/wp\/v2\/pages"}],"about":[{"href":"https:\/\/www.barbarameoevoli.com\/es\/wp-json\/wp\/v2\/types\/page"}],"author":[{"embeddable":true,"href":"https:\/\/www.barbarameoevoli.com\/es\/wp-json\/wp\/v2\/users\/1"}],"replies":[{"embeddable":true,"href":"https:\/\/www.barbarameoevoli.com\/es\/wp-json\/wp\/v2\/comments?post=12816"}],"version-history":[{"count":2,"href":"https:\/\/www.barbarameoevoli.com\/es\/wp-json\/wp\/v2\/pages\/12816\/revisions"}],"predecessor-version":[{"id":15573,"href":"https:\/\/www.barbarameoevoli.com\/es\/wp-json\/wp\/v2\/pages\/12816\/revisions\/15573"}],"wp:attachment":[{"href":"https:\/\/www.barbarameoevoli.com\/es\/wp-json\/wp\/v2\/media?parent=12816"}],"curies":[{"name":"wp","href":"https:\/\/api.w.org\/{rel}","templated":true}]}}