{"id":12430,"date":"2023-07-10T06:11:02","date_gmt":"2023-07-10T04:11:02","guid":{"rendered":"http:\/\/www.barbarameoevoli.com.mialias.net\/sobre-nosotros\/"},"modified":"2025-12-15T14:11:03","modified_gmt":"2025-12-15T13:11:03","slug":"sobre-nosotros","status":"publish","type":"page","link":"https:\/\/www.barbarameoevoli.com\/es\/sobre-nosotros\/","title":{"rendered":"Sobre m\u00ed"},"content":{"rendered":"\t\t<div data-elementor-type=\"wp-page\" data-elementor-id=\"12430\" class=\"elementor elementor-12430 elementor-6501\" data-elementor-post-type=\"page\">\n\t\t\t\t<div class=\"elementor-element elementor-element-468cbee e-flex e-con-boxed e-con e-parent\" data-id=\"468cbee\" data-element_type=\"container\" data-e-type=\"container\" data-settings=\"{&quot;background_background&quot;:&quot;classic&quot;}\">\n\t\t\t\t\t<div class=\"e-con-inner\">\n\t\t\t\t<div class=\"elementor-element elementor-element-e064a6e elementor-widget elementor-widget-heading\" data-id=\"e064a6e\" data-element_type=\"widget\" data-e-type=\"widget\" data-widget_type=\"heading.default\">\n\t\t\t\t\t<h1 class=\"elementor-heading-title elementor-size-default\">Sobre mE<\/h1>\t\t\t\t<\/div>\n\t\t\t\t\t<\/div>\n\t\t\t\t<\/div>\n\t\t<div class=\"elementor-element elementor-element-9a0a0a4 e-flex e-con-boxed e-con e-parent\" data-id=\"9a0a0a4\" data-element_type=\"container\" data-e-type=\"container\">\n\t\t\t\t\t<div class=\"e-con-inner\">\n\t\t<div class=\"elementor-element elementor-element-1fe72e2 e-con-full e-flex e-con e-child\" data-id=\"1fe72e2\" data-element_type=\"container\" data-e-type=\"container\">\n\t\t\t\t<div class=\"elementor-element elementor-element-c84edf6 elementor-widget elementor-widget-heading\" data-id=\"c84edf6\" data-element_type=\"widget\" data-e-type=\"widget\" data-widget_type=\"heading.default\">\n\t\t\t\t\t<h2 class=\"elementor-heading-title elementor-size-default\">Soy Barbara Meo-Evoli<\/h2>\t\t\t\t<\/div>\n\t\t\t\t<div class=\"elementor-element elementor-element-561e558 elementor-widget elementor-widget-text-editor\" data-id=\"561e558\" data-element_type=\"widget\" data-e-type=\"widget\" data-widget_type=\"text-editor.default\">\n\t\t\t\t\t\t\t\t\t<p>La interculturalidad no es solo mi trabajo: es mi manera de ver el mundo.<br>He vivido en 10 ciudades, en 6 pa\u00edses y 2 continentes, hablo cinco idiomas. A lo largo de mi vida he integrado constantemente nuevas formas de pensar, decidir y relacionarme. He aprendido que la cultura no es solo una bandera ni un pasaporte, sino un sistema vivo que moldea la forma en que colaboramos, lideramos y generamos confianza. <\/p><p>Mi recorrido comenz\u00f3 en el periodismo, donde la curiosidad me ense\u00f1\u00f3 a escuchar antes de interpretar. M\u00e1s adelante, al coordinar equipos multiculturales, descubr\u00ed que la diferencia no es un obst\u00e1culo, sino una invitaci\u00f3n a crecer. <\/p><p> <\/p>\t\t\t\t\t\t\t\t<\/div>\n\t\t\t\t<div class=\"elementor-element elementor-element-bfc0e02 wdt-custom-hover-style-01 elementor-widget elementor-widget-image\" data-id=\"bfc0e02\" data-element_type=\"widget\" data-e-type=\"widget\" data-widget_type=\"image.default\">\n\t\t\t\t\t\t\t\t\t\t\t\t\t\t\t<img fetchpriority=\"high\" decoding=\"async\" width=\"687\" height=\"578\" src=\"https:\/\/www.barbarameoevoli.com\/wp-content\/uploads\/2024\/12\/barbarameo1-8.jpg\" class=\"attachment-large size-large wp-image-15424\" alt=\"Barbara Meo-Evoli Localizaci\u00f3n\" srcset=\"https:\/\/www.barbarameoevoli.com\/wp-content\/uploads\/2024\/12\/barbarameo1-8.jpg 687w, https:\/\/www.barbarameoevoli.com\/wp-content\/uploads\/2024\/12\/barbarameo1-8-300x252.jpg 300w\" sizes=\"(max-width: 687px) 100vw, 687px\" \/>\t\t\t\t\t\t\t\t\t\t\t\t\t\t\t<\/div>\n\t\t\t\t<\/div>\n\t\t<div class=\"elementor-element elementor-element-b40aa6d e-con-full e-flex e-con e-child\" data-id=\"b40aa6d\" data-element_type=\"container\" data-e-type=\"container\">\n\t\t\t\t<div class=\"elementor-element elementor-element-4b881a4 wdt-custom-hover-style-01 elementor-widget elementor-widget-image\" data-id=\"4b881a4\" data-element_type=\"widget\" data-e-type=\"widget\" data-widget_type=\"image.default\">\n\t\t\t\t\t\t\t\t\t\t\t\t\t\t\t<img decoding=\"async\" width=\"630\" height=\"1128\" src=\"https:\/\/www.barbarameoevoli.com\/wp-content\/uploads\/2024\/10\/SOBREMI.jpg\" class=\"attachment-full size-full wp-image-15425\" alt=\"SOBRE MI\" srcset=\"https:\/\/www.barbarameoevoli.com\/wp-content\/uploads\/2024\/10\/SOBREMI.jpg 630w, https:\/\/www.barbarameoevoli.com\/wp-content\/uploads\/2024\/10\/SOBREMI-168x300.jpg 168w, https:\/\/www.barbarameoevoli.com\/wp-content\/uploads\/2024\/10\/SOBREMI-572x1024.jpg 572w\" sizes=\"(max-width: 630px) 100vw, 630px\" \/>\t\t\t\t\t\t\t\t\t\t\t\t\t\t\t<\/div>\n\t\t\t\t<\/div>\n\t\t<div class=\"elementor-element elementor-element-9dcaf4d e-con-full e-flex e-con e-child\" data-id=\"9dcaf4d\" data-element_type=\"container\" data-e-type=\"container\" data-settings=\"{&quot;background_background&quot;:&quot;classic&quot;}\">\n\t\t\t\t<div class=\"elementor-element elementor-element-190b784 elementor-widget elementor-widget-heading\" data-id=\"190b784\" data-element_type=\"widget\" data-e-type=\"widget\" data-widget_type=\"heading.default\">\n\t\t\t\t\t<h2 class=\"elementor-heading-title elementor-size-default\">Una mirada intercultural<\/h2>\t\t\t\t<\/div>\n\t\t\t\t<div class=\"elementor-element elementor-element-9e6ed29 elementor-widget elementor-widget-text-editor\" data-id=\"9e6ed29\" data-element_type=\"widget\" data-e-type=\"widget\" data-widget_type=\"text-editor.default\">\n\t\t\t\t\t\t\t\t\t<p>Siempre he preferido los c\u00edrculos a las filas de pupitres. En los c\u00edrculos, todos pueden ver y ser vistos. Esa geometr\u00eda tan simple se convirti\u00f3 en mi filosof\u00eda: cuando las personas se conectan m\u00e1s all\u00e1 de las palabras, la creatividad y la colaboraci\u00f3n surgen de forma natural.  <\/p><p>Trabajar desde la interculturalidad significa, para m\u00ed, cultivar la conciencia, la empat\u00eda y la flexibilidad: habilidades que hacen que tanto la vida como el liderazgo sean m\u00e1s humanos. A trav\u00e9s del movimiento, la narraci\u00f3n y el di\u00e1logo, ayudo a las personas a redescubrir lo que las une m\u00e1s all\u00e1 de sus diferencias. Porque cuando realmente nos encontramos entre culturas, no solo mejoramos la forma en que trabajamos: transformamos la manera en que convivimos.  <\/p>\t\t\t\t\t\t\t\t<\/div>\n\t\t\t\t<\/div>\n\t\t\t\t\t<\/div>\n\t\t\t\t<\/div>\n\t\t\t\t<section class=\"elementor-section elementor-top-section elementor-element elementor-element-2911610 elementor-section-height-min-height animated-slow elementor-section-boxed elementor-section-height-default elementor-section-items-middle elementor-invisible\" data-id=\"2911610\" data-element_type=\"section\" data-e-type=\"section\" data-settings=\"{&quot;background_background&quot;:&quot;video&quot;,&quot;animation&quot;:&quot;fadeInUp&quot;,&quot;background_play_on_mobile&quot;:&quot;yes&quot;}\">\n\t\t\t\t\t\t\t<div class=\"elementor-background-overlay\"><\/div>\n\t\t\t\t\t\t\t<div class=\"elementor-container elementor-column-gap-default\">\n\t\t\t\t\t<div class=\"elementor-column elementor-col-100 elementor-top-column elementor-element elementor-element-6331b22\" data-id=\"6331b22\" data-element_type=\"column\" data-e-type=\"column\">\n\t\t\t<div class=\"elementor-widget-wrap elementor-element-populated\">\n\t\t\t\t\t\t<div class=\"elementor-element elementor-element-b9a1d20 elementor-align-center elementor-widget elementor-widget-button\" data-id=\"b9a1d20\" data-element_type=\"widget\" data-e-type=\"widget\" data-widget_type=\"button.default\">\n\t\t\t\t\t\t\t\t\t\t<a class=\"elementor-button elementor-button-link elementor-size-sm\" href=\"https:\/\/www.linkedin.com\/in\/barbara-meo-evoli\/?locale=en_US\">\n\t\t\t\t\t\t<span class=\"elementor-button-content-wrapper\">\n\t\t\t\t\t\t<span class=\"elementor-button-icon\">\n\t\t\t\t<svg aria-hidden=\"true\" class=\"e-font-icon-svg e-fas-arrow-right\" viewBox=\"0 0 448 512\" xmlns=\"http:\/\/www.w3.org\/2000\/svg\"><path d=\"M190.5 66.9l22.2-22.2c9.4-9.4 24.6-9.4 33.9 0L441 239c9.4 9.4 9.4 24.6 0 33.9L246.6 467.3c-9.4 9.4-24.6 9.4-33.9 0l-22.2-22.2c-9.5-9.5-9.3-25 .4-34.3L311.4 296H24c-13.3 0-24-10.7-24-24v-32c0-13.3 10.7-24 24-24h287.4L190.9 101.2c-9.8-9.3-10-24.8-.4-34.3z\"><\/path><\/svg>\t\t\t<\/span>\n\t\t\t\t\t\t\t\t\t<span class=\"elementor-button-text\">View my LinkedIn profile<\/span>\n\t\t\t\t\t<\/span>\n\t\t\t\t\t<\/a>\n\t\t\t\t\t\t\t\t<\/div>\n\t\t\t\t\t<\/div>\n\t\t<\/div>\n\t\t\t\t\t<\/div>\n\t\t<\/section>\n\t\t<div class=\"elementor-element elementor-element-1e0c8c4 e-flex e-con-boxed e-con e-parent\" data-id=\"1e0c8c4\" data-element_type=\"container\" data-e-type=\"container\" data-settings=\"{&quot;background_background&quot;:&quot;classic&quot;}\">\n\t\t\t\t\t<div class=\"e-con-inner\">\n\t\t\t\t<div class=\"elementor-element elementor-element-6abfc36 elementor-widget elementor-widget-heading\" data-id=\"6abfc36\" data-element_type=\"widget\" data-e-type=\"widget\" data-widget_type=\"heading.default\">\n\t\t\t\t\t<h3 class=\"elementor-heading-title elementor-size-default\">Certificaciones y diplomas<\/h3>\t\t\t\t<\/div>\n\t\t<div class=\"elementor-element elementor-element-eef04d6 e-con-full e-flex e-con e-child\" data-id=\"eef04d6\" data-element_type=\"container\" data-e-type=\"container\">\n\t\t<div class=\"elementor-element elementor-element-20d2528 e-con-full e-flex e-con e-child\" data-id=\"20d2528\" data-element_type=\"container\" data-e-type=\"container\">\n\t\t<div class=\"elementor-element elementor-element-04786b1 e-con-full e-flex e-con e-child\" data-id=\"04786b1\" data-element_type=\"container\" data-e-type=\"container\">\n\t\t\t\t<div class=\"elementor-element elementor-element-622487a elementor-widget elementor-widget-image\" data-id=\"622487a\" data-element_type=\"widget\" data-e-type=\"widget\" data-widget_type=\"image.default\">\n\t\t\t\t\t\t\t\t\t\t\t\t\t\t\t<img decoding=\"async\" src=\"https:\/\/www.barbarameoevoli.com\/wp-content\/uploads\/elementor\/thumbs\/barbarameo1.peg_-rfzwleo7gmn8lg201bjqd4v9hc4skc9qlxf7t746yo.jpeg\" title=\"Barbara Meo-Evoli\" alt=\"Barbara Meo-Evoli\" loading=\"lazy\" \/>\t\t\t\t\t\t\t\t\t\t\t\t\t\t\t<\/div>\n\t\t\t\t<\/div>\n\t\t<div class=\"elementor-element elementor-element-9dd517e e-con-full e-flex e-con e-child\" data-id=\"9dd517e\" data-element_type=\"container\" data-e-type=\"container\">\n\t\t\t\t<div class=\"elementor-element elementor-element-2bbb6b5 elementor-widget-mobile__width-initial elementor-widget elementor-widget-text-editor\" data-id=\"2bbb6b5\" data-element_type=\"widget\" data-e-type=\"widget\" data-widget_type=\"text-editor.default\">\n\t\t\t\t\t\t\t\t\t<ul><li><strong>PCC<\/strong> por la Federaci\u00f3n Internacional de Coaching (ICF)<\/li><li><strong>Team Coach Sist\u00e9mico<\/strong> por CORAOPS<\/li><li>Practitioner en <strong>Programaci\u00f3n Neuroling\u00fc\u00edstica (PNL)<\/strong> por Greatitute<\/li><li><strong>Scrum Master <\/strong>(CSM) por Scrum Alliance<\/li><li><strong>Coach Organizacional <\/strong>por la Universidad de Lleida (Espa\u00f1a)<\/li><li><strong>Juego Corporal Expresivo<\/strong> de la Escuela Enrique Aguilar<\/li><li><strong>Periodista<\/strong> certificada por la Orden Italiana de Periodistas<\/li><li>M\u00e1ster en <strong>Responsabilidad Social de las Empresas<\/strong> (Francia)<\/li><li>Licenciada en <strong>Derecho<\/strong> con un m\u00e1ster en Derecho Internacional (Italia)<\/li><\/ul>\t\t\t\t\t\t\t\t<\/div>\n\t\t\t\t<\/div>\n\t\t\t\t<\/div>\n\t\t\t\t<\/div>\n\t\t\t\t\t<\/div>\n\t\t\t\t<\/div>\n\t\t\t\t<section class=\"elementor-section elementor-top-section elementor-element elementor-element-5ed183d elementor-section-height-min-height animated-slow elementor-section-boxed elementor-section-height-default elementor-section-items-middle elementor-invisible\" data-id=\"5ed183d\" data-element_type=\"section\" data-e-type=\"section\" data-settings=\"{&quot;background_background&quot;:&quot;video&quot;,&quot;animation&quot;:&quot;fadeInUp&quot;,&quot;background_video_link&quot;:&quot;https:\\\/\\\/vimeo.com\\\/1029648717&quot;,&quot;background_play_on_mobile&quot;:&quot;yes&quot;}\">\n\t\t\t\t\t\t\t\t<div class=\"elementor-background-video-container\">\n\t\t\t\t\t\t\t\t\t\t\t\t\t<div class=\"elementor-background-video-embed\" role=\"presentation\"><\/div>\n\t\t\t\t\t\t\t\t\t\t\t\t<\/div>\n\t\t\t\t\t\t\t\t\t<div class=\"elementor-background-overlay\"><\/div>\n\t\t\t\t\t\t\t<div class=\"elementor-container elementor-column-gap-default\">\n\t\t\t\t\t<div class=\"elementor-column elementor-col-100 elementor-top-column elementor-element elementor-element-04916b6\" data-id=\"04916b6\" data-element_type=\"column\" data-e-type=\"column\">\n\t\t\t<div class=\"elementor-widget-wrap\">\n\t\t\t\t\t\t\t<\/div>\n\t\t<\/div>\n\t\t\t\t\t<\/div>\n\t\t<\/section>\n\t\t\t\t<section class=\"elementor-section elementor-top-section elementor-element elementor-element-46212eb elementor-section-height-min-height elementor-section-boxed elementor-section-height-default elementor-section-items-middle\" data-id=\"46212eb\" data-element_type=\"section\" data-e-type=\"section\" data-settings=\"{&quot;background_background&quot;:&quot;video&quot;,&quot;background_play_on_mobile&quot;:&quot;yes&quot;}\">\n\t\t\t\t\t\t\t<div class=\"elementor-background-overlay\"><\/div>\n\t\t\t\t\t\t\t<div class=\"elementor-container elementor-column-gap-default\">\n\t\t\t\t\t<div class=\"elementor-column elementor-col-100 elementor-top-column elementor-element elementor-element-9a2a3f5\" data-id=\"9a2a3f5\" data-element_type=\"column\" data-e-type=\"column\">\n\t\t\t<div class=\"elementor-widget-wrap elementor-element-populated\">\n\t\t\t\t\t\t<div class=\"elementor-element elementor-element-bd62f7f elementor-align-center elementor-widget elementor-widget-button\" data-id=\"bd62f7f\" data-element_type=\"widget\" data-e-type=\"widget\" data-widget_type=\"button.default\">\n\t\t\t\t\t\t\t\t\t\t<a class=\"elementor-button elementor-button-link elementor-size-sm\" href=\"https:\/\/calendly.com\/barbara-meoevoli\/\">\n\t\t\t\t\t\t<span class=\"elementor-button-content-wrapper\">\n\t\t\t\t\t\t<span class=\"elementor-button-icon\">\n\t\t\t\t<svg aria-hidden=\"true\" class=\"e-font-icon-svg e-fas-arrow-right\" viewBox=\"0 0 448 512\" xmlns=\"http:\/\/www.w3.org\/2000\/svg\"><path d=\"M190.5 66.9l22.2-22.2c9.4-9.4 24.6-9.4 33.9 0L441 239c9.4 9.4 9.4 24.6 0 33.9L246.6 467.3c-9.4 9.4-24.6 9.4-33.9 0l-22.2-22.2c-9.5-9.5-9.3-25 .4-34.3L311.4 296H24c-13.3 0-24-10.7-24-24v-32c0-13.3 10.7-24 24-24h287.4L190.9 101.2c-9.8-9.3-10-24.8-.4-34.3z\"><\/path><\/svg>\t\t\t<\/span>\n\t\t\t\t\t\t\t\t\t<span class=\"elementor-button-text\">Quiero reservar una sesi\u00f3n<\/span>\n\t\t\t\t\t<\/span>\n\t\t\t\t\t<\/a>\n\t\t\t\t\t\t\t\t<\/div>\n\t\t\t\t\t<\/div>\n\t\t<\/div>\n\t\t\t\t\t<\/div>\n\t\t<\/section>\n\t\t\t\t<\/div>\n\t\t","protected":false},"excerpt":{"rendered":"<p>Sobre mE Soy Barbara Meo-Evoli La interculturalidad no es solo mi trabajo: es mi manera de ver el mundo.He vivido en 10 ciudades, en 6 pa\u00edses y 2 continentes, hablo cinco idiomas. A lo largo de mi vida he integrado constantemente nuevas formas de pensar, decidir y relacionarme. He aprendido que la cultura no es [&hellip;]<\/p>\n","protected":false},"author":1,"featured_media":0,"parent":0,"menu_order":0,"comment_status":"closed","ping_status":"closed","template":"elementor_header_footer","meta":{"footnotes":""},"class_list":["post-12430","page","type-page","status-publish","hentry"],"yoast_head":"<!-- This site is optimized with the Yoast SEO plugin v27.5 - https:\/\/yoast.com\/product\/yoast-seo-wordpress\/ -->\n<title>Sobre m\u00ed - Barbara Meo-Evoli<\/title>\n<meta name=\"description\" content=\"Sobre mE Soy Barbara Meo-Evoli La interculturalidad no es solo mi trabajo: es mi manera de ver el mundo.He vivido en 10 ciudades, en 6 pa\u00edses y 2\" \/>\n<meta name=\"robots\" content=\"index, follow, max-snippet:-1, max-image-preview:large, max-video-preview:-1\" \/>\n<link rel=\"canonical\" href=\"https:\/\/www.barbarameoevoli.com\/es\/sobre-nosotros\/\" \/>\n<meta property=\"og:locale\" content=\"es_ES\" \/>\n<meta property=\"og:type\" content=\"article\" \/>\n<meta property=\"og:title\" content=\"Sobre m\u00ed - Barbara Meo-Evoli\" \/>\n<meta property=\"og:description\" content=\"Sobre mE Soy Barbara Meo-Evoli La interculturalidad no es solo mi trabajo: es mi manera de ver el mundo.He vivido en 10 ciudades, en 6 pa\u00edses y 2\" \/>\n<meta property=\"og:url\" content=\"https:\/\/www.barbarameoevoli.com\/es\/sobre-nosotros\/\" \/>\n<meta property=\"og:site_name\" content=\"Barbara Meo-Evoli\" \/>\n<meta property=\"article:modified_time\" content=\"2025-12-15T13:11:03+00:00\" \/>\n<meta property=\"og:image\" content=\"https:\/\/www.barbarameoevoli.com\/wp-content\/uploads\/2024\/12\/barbarameo1-8.jpg\" \/>\n\t<meta property=\"og:image:width\" content=\"687\" \/>\n\t<meta property=\"og:image:height\" content=\"578\" \/>\n\t<meta property=\"og:image:type\" content=\"image\/jpeg\" \/>\n<meta name=\"twitter:card\" content=\"summary_large_image\" \/>\n<meta name=\"twitter:label1\" content=\"Est. reading time\" \/>\n\t<meta name=\"twitter:data1\" content=\"2 minutes\" \/>\n<script type=\"application\/ld+json\" class=\"yoast-schema-graph\">{\"@context\":\"https:\\\/\\\/schema.org\",\"@graph\":[{\"@type\":\"WebPage\",\"@id\":\"https:\\\/\\\/www.barbarameoevoli.com\\\/es\\\/sobre-nosotros\\\/\",\"url\":\"https:\\\/\\\/www.barbarameoevoli.com\\\/es\\\/sobre-nosotros\\\/\",\"name\":\"Sobre m\u00ed - Barbara Meo-Evoli\",\"isPartOf\":{\"@id\":\"https:\\\/\\\/www.barbarameoevoli.com\\\/#website\"},\"primaryImageOfPage\":{\"@id\":\"https:\\\/\\\/www.barbarameoevoli.com\\\/es\\\/sobre-nosotros\\\/#primaryimage\"},\"image\":{\"@id\":\"https:\\\/\\\/www.barbarameoevoli.com\\\/es\\\/sobre-nosotros\\\/#primaryimage\"},\"thumbnailUrl\":\"https:\\\/\\\/www.barbarameoevoli.com\\\/wp-content\\\/uploads\\\/2024\\\/12\\\/barbarameo1-8.jpg\",\"datePublished\":\"2023-07-10T04:11:02+00:00\",\"dateModified\":\"2025-12-15T13:11:03+00:00\",\"description\":\"Sobre mE Soy Barbara Meo-Evoli La interculturalidad no es solo mi trabajo: es mi manera de ver el mundo.He vivido en 10 ciudades, en 6 pa\u00edses y 2\",\"breadcrumb\":{\"@id\":\"https:\\\/\\\/www.barbarameoevoli.com\\\/es\\\/sobre-nosotros\\\/#breadcrumb\"},\"inLanguage\":\"es-ES\",\"potentialAction\":[{\"@type\":\"ReadAction\",\"target\":[\"https:\\\/\\\/www.barbarameoevoli.com\\\/es\\\/sobre-nosotros\\\/\"]}]},{\"@type\":\"ImageObject\",\"inLanguage\":\"es-ES\",\"@id\":\"https:\\\/\\\/www.barbarameoevoli.com\\\/es\\\/sobre-nosotros\\\/#primaryimage\",\"url\":\"https:\\\/\\\/www.barbarameoevoli.com\\\/wp-content\\\/uploads\\\/2024\\\/12\\\/barbarameo1-8.jpg\",\"contentUrl\":\"https:\\\/\\\/www.barbarameoevoli.com\\\/wp-content\\\/uploads\\\/2024\\\/12\\\/barbarameo1-8.jpg\"},{\"@type\":\"BreadcrumbList\",\"@id\":\"https:\\\/\\\/www.barbarameoevoli.com\\\/es\\\/sobre-nosotros\\\/#breadcrumb\",\"itemListElement\":[{\"@type\":\"ListItem\",\"position\":1,\"name\":\"Home\",\"item\":\"https:\\\/\\\/www.barbarameoevoli.com\\\/\"},{\"@type\":\"ListItem\",\"position\":2,\"name\":\"Sobre m\u00ed\"}]},{\"@type\":\"WebSite\",\"@id\":\"https:\\\/\\\/www.barbarameoevoli.com\\\/#website\",\"url\":\"https:\\\/\\\/www.barbarameoevoli.com\\\/\",\"name\":\"Barbara Meo-Evoli\",\"description\":\"Barbara Meo-Evoli\",\"publisher\":{\"@id\":\"https:\\\/\\\/www.barbarameoevoli.com\\\/#organization\"},\"potentialAction\":[{\"@type\":\"SearchAction\",\"target\":{\"@type\":\"EntryPoint\",\"urlTemplate\":\"https:\\\/\\\/www.barbarameoevoli.com\\\/?s={search_term_string}\"},\"query-input\":{\"@type\":\"PropertyValueSpecification\",\"valueRequired\":true,\"valueName\":\"search_term_string\"}}],\"inLanguage\":\"es-ES\"},{\"@type\":\"Organization\",\"@id\":\"https:\\\/\\\/www.barbarameoevoli.com\\\/#organization\",\"name\":\"Barbara Meo-Evoli\",\"url\":\"https:\\\/\\\/www.barbarameoevoli.com\\\/\",\"logo\":{\"@type\":\"ImageObject\",\"inLanguage\":\"es-ES\",\"@id\":\"https:\\\/\\\/www.barbarameoevoli.com\\\/#\\\/schema\\\/logo\\\/image\\\/\",\"url\":\"https:\\\/\\\/www.barbarameoevoli.com\\\/wp-content\\\/uploads\\\/2024\\\/10\\\/cropped-LOGO-BME-ROJO-SOLO.png\",\"contentUrl\":\"https:\\\/\\\/www.barbarameoevoli.com\\\/wp-content\\\/uploads\\\/2024\\\/10\\\/cropped-LOGO-BME-ROJO-SOLO.png\",\"width\":273,\"height\":273,\"caption\":\"Barbara Meo-Evoli\"},\"image\":{\"@id\":\"https:\\\/\\\/www.barbarameoevoli.com\\\/#\\\/schema\\\/logo\\\/image\\\/\"}}]}<\/script>\n<!-- \/ Yoast SEO plugin. -->","yoast_head_json":{"title":"Sobre m\u00ed - Barbara Meo-Evoli","description":"Sobre mE Soy Barbara Meo-Evoli La interculturalidad no es solo mi trabajo: es mi manera de ver el mundo.He vivido en 10 ciudades, en 6 pa\u00edses y 2","robots":{"index":"index","follow":"follow","max-snippet":"max-snippet:-1","max-image-preview":"max-image-preview:large","max-video-preview":"max-video-preview:-1"},"canonical":"https:\/\/www.barbarameoevoli.com\/es\/sobre-nosotros\/","og_locale":"es_ES","og_type":"article","og_title":"Sobre m\u00ed - Barbara Meo-Evoli","og_description":"Sobre mE Soy Barbara Meo-Evoli La interculturalidad no es solo mi trabajo: es mi manera de ver el mundo.He vivido en 10 ciudades, en 6 pa\u00edses y 2","og_url":"https:\/\/www.barbarameoevoli.com\/es\/sobre-nosotros\/","og_site_name":"Barbara Meo-Evoli","article_modified_time":"2025-12-15T13:11:03+00:00","og_image":[{"width":687,"height":578,"url":"https:\/\/www.barbarameoevoli.com\/wp-content\/uploads\/2024\/12\/barbarameo1-8.jpg","type":"image\/jpeg"}],"twitter_card":"summary_large_image","twitter_misc":{"Est. reading time":"2 minutes"},"schema":{"@context":"https:\/\/schema.org","@graph":[{"@type":"WebPage","@id":"https:\/\/www.barbarameoevoli.com\/es\/sobre-nosotros\/","url":"https:\/\/www.barbarameoevoli.com\/es\/sobre-nosotros\/","name":"Sobre m\u00ed - Barbara Meo-Evoli","isPartOf":{"@id":"https:\/\/www.barbarameoevoli.com\/#website"},"primaryImageOfPage":{"@id":"https:\/\/www.barbarameoevoli.com\/es\/sobre-nosotros\/#primaryimage"},"image":{"@id":"https:\/\/www.barbarameoevoli.com\/es\/sobre-nosotros\/#primaryimage"},"thumbnailUrl":"https:\/\/www.barbarameoevoli.com\/wp-content\/uploads\/2024\/12\/barbarameo1-8.jpg","datePublished":"2023-07-10T04:11:02+00:00","dateModified":"2025-12-15T13:11:03+00:00","description":"Sobre mE Soy Barbara Meo-Evoli La interculturalidad no es solo mi trabajo: es mi manera de ver el mundo.He vivido en 10 ciudades, en 6 pa\u00edses y 2","breadcrumb":{"@id":"https:\/\/www.barbarameoevoli.com\/es\/sobre-nosotros\/#breadcrumb"},"inLanguage":"es-ES","potentialAction":[{"@type":"ReadAction","target":["https:\/\/www.barbarameoevoli.com\/es\/sobre-nosotros\/"]}]},{"@type":"ImageObject","inLanguage":"es-ES","@id":"https:\/\/www.barbarameoevoli.com\/es\/sobre-nosotros\/#primaryimage","url":"https:\/\/www.barbarameoevoli.com\/wp-content\/uploads\/2024\/12\/barbarameo1-8.jpg","contentUrl":"https:\/\/www.barbarameoevoli.com\/wp-content\/uploads\/2024\/12\/barbarameo1-8.jpg"},{"@type":"BreadcrumbList","@id":"https:\/\/www.barbarameoevoli.com\/es\/sobre-nosotros\/#breadcrumb","itemListElement":[{"@type":"ListItem","position":1,"name":"Home","item":"https:\/\/www.barbarameoevoli.com\/"},{"@type":"ListItem","position":2,"name":"Sobre m\u00ed"}]},{"@type":"WebSite","@id":"https:\/\/www.barbarameoevoli.com\/#website","url":"https:\/\/www.barbarameoevoli.com\/","name":"Barbara Meo-Evoli","description":"Barbara Meo-Evoli","publisher":{"@id":"https:\/\/www.barbarameoevoli.com\/#organization"},"potentialAction":[{"@type":"SearchAction","target":{"@type":"EntryPoint","urlTemplate":"https:\/\/www.barbarameoevoli.com\/?s={search_term_string}"},"query-input":{"@type":"PropertyValueSpecification","valueRequired":true,"valueName":"search_term_string"}}],"inLanguage":"es-ES"},{"@type":"Organization","@id":"https:\/\/www.barbarameoevoli.com\/#organization","name":"Barbara Meo-Evoli","url":"https:\/\/www.barbarameoevoli.com\/","logo":{"@type":"ImageObject","inLanguage":"es-ES","@id":"https:\/\/www.barbarameoevoli.com\/#\/schema\/logo\/image\/","url":"https:\/\/www.barbarameoevoli.com\/wp-content\/uploads\/2024\/10\/cropped-LOGO-BME-ROJO-SOLO.png","contentUrl":"https:\/\/www.barbarameoevoli.com\/wp-content\/uploads\/2024\/10\/cropped-LOGO-BME-ROJO-SOLO.png","width":273,"height":273,"caption":"Barbara Meo-Evoli"},"image":{"@id":"https:\/\/www.barbarameoevoli.com\/#\/schema\/logo\/image\/"}}]}},"_links":{"self":[{"href":"https:\/\/www.barbarameoevoli.com\/es\/wp-json\/wp\/v2\/pages\/12430","targetHints":{"allow":["GET"]}}],"collection":[{"href":"https:\/\/www.barbarameoevoli.com\/es\/wp-json\/wp\/v2\/pages"}],"about":[{"href":"https:\/\/www.barbarameoevoli.com\/es\/wp-json\/wp\/v2\/types\/page"}],"author":[{"embeddable":true,"href":"https:\/\/www.barbarameoevoli.com\/es\/wp-json\/wp\/v2\/users\/1"}],"replies":[{"embeddable":true,"href":"https:\/\/www.barbarameoevoli.com\/es\/wp-json\/wp\/v2\/comments?post=12430"}],"version-history":[{"count":3,"href":"https:\/\/www.barbarameoevoli.com\/es\/wp-json\/wp\/v2\/pages\/12430\/revisions"}],"predecessor-version":[{"id":15589,"href":"https:\/\/www.barbarameoevoli.com\/es\/wp-json\/wp\/v2\/pages\/12430\/revisions\/15589"}],"wp:attachment":[{"href":"https:\/\/www.barbarameoevoli.com\/es\/wp-json\/wp\/v2\/media?parent=12430"}],"curies":[{"name":"wp","href":"https:\/\/api.w.org\/{rel}","templated":true}]}}